{"id":5313,"date":"2023-11-19T21:51:23","date_gmt":"2023-11-19T20:51:23","guid":{"rendered":"http:\/\/stampcurio.com\/?post_type=product&#038;p=5313"},"modified":"2025-12-05T04:11:46","modified_gmt":"2025-12-05T03:11:46","slug":"1898-hirlapilletek-belyeg-postatiszta-18-as-tomb-b3-vizjel-allas-rendkivul-ritka-ilyen-nagy-osszefuggesben","status":"publish","type":"product","link":"https:\/\/stampcurio.com\/hu\/termek\/1898-hirlapilletek-belyeg-postatiszta-18-as-tomb-b3-vizjel-allas-rendkivul-ritka-ilyen-nagy-osszefuggesben\/","title":{"rendered":"1898 h\u00edrlapillet\u00e9k b\u00e9lyeg postatiszta 18-as (!) t\u00f6mb B3 v\u00edzjel \u00e1ll\u00e1s &#8211; rendk\u00edv\u00fcl ritka ilyen nagy \u00f6sszef\u00fcgg\u00e9sben!"},"content":{"rendered":"","protected":false},"excerpt":{"rendered":"<p>Egy b\u00e9lyegen elv\u00e9konyod\u00e1s, 3 b\u00e9lyeg *, a t\u00f6bbi ** \u00e1llapotban.<\/p>\n","protected":false},"featured_media":5257,"template":"","meta":[],"product_brand":[],"product_cat":[73],"product_tag":[1044,116,282,176],"class_list":{"0":"post-5313","1":"product","2":"type-product","3":"status-publish","4":"has-post-thumbnail","6":"product_cat-magyarorszag-1st","7":"product_tag-1st-auction-hu","8":"product_tag-belyeg","9":"product_tag-okmanybelyeg","10":"product_tag-philagem","11":"pa_catalog_id-606","13":"first","14":"outofstock","15":"sold-individually","16":"shipping-taxable","17":"product-type-simple"},"_links":{"self":[{"href":"https:\/\/stampcurio.com\/hu\/wp-json\/wp\/v2\/product\/5313","targetHints":{"allow":["GET"]}}],"collection":[{"href":"https:\/\/stampcurio.com\/hu\/wp-json\/wp\/v2\/product"}],"about":[{"href":"https:\/\/stampcurio.com\/hu\/wp-json\/wp\/v2\/types\/product"}],"wp:featuredmedia":[{"embeddable":true,"href":"https:\/\/stampcurio.com\/hu\/wp-json\/wp\/v2\/media\/5257"}],"wp:attachment":[{"href":"https:\/\/stampcurio.com\/hu\/wp-json\/wp\/v2\/media?parent=5313"}],"wp:term":[{"taxonomy":"product_brand","embeddable":true,"href":"https:\/\/stampcurio.com\/hu\/wp-json\/wp\/v2\/product_brand?post=5313"},{"taxonomy":"product_cat","embeddable":true,"href":"https:\/\/stampcurio.com\/hu\/wp-json\/wp\/v2\/product_cat?post=5313"},{"taxonomy":"product_tag","embeddable":true,"href":"https:\/\/stampcurio.com\/hu\/wp-json\/wp\/v2\/product_tag?post=5313"}],"curies":[{"name":"wp","href":"https:\/\/api.w.org\/{rel}","templated":true}]}}