{"id":5311,"date":"2023-11-19T21:47:35","date_gmt":"2023-11-19T20:47:35","guid":{"rendered":"http:\/\/stampcurio.com\/?post_type=product&#038;p=5311"},"modified":"2025-12-05T04:11:46","modified_gmt":"2025-12-05T03:11:46","slug":"1888-hirlapilletek-belyeg-1-kr-postatiszta-gepszinatnyomattal-mbk-120-pont","status":"publish","type":"product","link":"https:\/\/stampcurio.com\/hu\/termek\/1888-hirlapilletek-belyeg-1-kr-postatiszta-gepszinatnyomattal-mbk-120-pont\/","title":{"rendered":"1888 h\u00edrlapillet\u00e9k b\u00e9lyeg 1 kr postatiszta ** g\u00e9psz\u00edn\u00e1tnyomattal MBK 120 pont"},"content":{"rendered":"","protected":false},"excerpt":{"rendered":"","protected":false},"featured_media":5248,"template":"","meta":[],"product_brand":[],"product_cat":[73],"product_tag":[1044,116,282,217],"class_list":{"0":"post-5311","1":"product","2":"type-product","3":"status-publish","4":"has-post-thumbnail","6":"product_cat-magyarorszag-1st","7":"product_tag-1st-auction-hu","8":"product_tag-belyeg","9":"product_tag-okmanybelyeg","10":"product_tag-tevnyomat","11":"pa_catalog_id-605","13":"first","14":"outofstock","15":"sold-individually","16":"shipping-taxable","17":"product-type-simple"},"_links":{"self":[{"href":"https:\/\/stampcurio.com\/hu\/wp-json\/wp\/v2\/product\/5311","targetHints":{"allow":["GET"]}}],"collection":[{"href":"https:\/\/stampcurio.com\/hu\/wp-json\/wp\/v2\/product"}],"about":[{"href":"https:\/\/stampcurio.com\/hu\/wp-json\/wp\/v2\/types\/product"}],"wp:featuredmedia":[{"embeddable":true,"href":"https:\/\/stampcurio.com\/hu\/wp-json\/wp\/v2\/media\/5248"}],"wp:attachment":[{"href":"https:\/\/stampcurio.com\/hu\/wp-json\/wp\/v2\/media?parent=5311"}],"wp:term":[{"taxonomy":"product_brand","embeddable":true,"href":"https:\/\/stampcurio.com\/hu\/wp-json\/wp\/v2\/product_brand?post=5311"},{"taxonomy":"product_cat","embeddable":true,"href":"https:\/\/stampcurio.com\/hu\/wp-json\/wp\/v2\/product_cat?post=5311"},{"taxonomy":"product_tag","embeddable":true,"href":"https:\/\/stampcurio.com\/hu\/wp-json\/wp\/v2\/product_tag?post=5311"}],"curies":[{"name":"wp","href":"https:\/\/api.w.org\/{rel}","templated":true}]}}