{"id":5258,"date":"2023-11-19T21:43:31","date_gmt":"2023-11-19T20:43:31","guid":{"rendered":"http:\/\/stampcurio.com\/?post_type=product&#038;p=5258"},"modified":"2025-12-05T04:11:46","modified_gmt":"2025-12-05T03:11:46","slug":"1868-hirlapilletek-belyeg-2kr-postatiszta-nyolcastomb-fuggoleges-varrat-vizjellel-es-vonal-vizjellel","status":"publish","type":"product","link":"https:\/\/stampcurio.com\/hu\/termek\/1868-hirlapilletek-belyeg-2kr-postatiszta-nyolcastomb-fuggoleges-varrat-vizjellel-es-vonal-vizjellel\/","title":{"rendered":"1868 h\u00edrlapillet\u00e9k b\u00e9lyeg 2kr postatiszta ** nyolcast\u00f6mb f\u00fcgg\u0151leges varrat v\u00edzjellel \u00e9s vonal v\u00edzjellel (!)"},"content":{"rendered":"","protected":false},"excerpt":{"rendered":"","protected":false},"featured_media":5307,"template":"","meta":[],"product_brand":[],"product_cat":[73],"product_tag":[1044,116,282,176],"class_list":{"0":"post-5258","1":"product","2":"type-product","3":"status-publish","4":"has-post-thumbnail","6":"product_cat-magyarorszag-1st","7":"product_tag-1st-auction-hu","8":"product_tag-belyeg","9":"product_tag-okmanybelyeg","10":"product_tag-philagem","11":"pa_catalog_id-604","13":"first","14":"outofstock","15":"sold-individually","16":"shipping-taxable","17":"product-type-simple"},"_links":{"self":[{"href":"https:\/\/stampcurio.com\/hu\/wp-json\/wp\/v2\/product\/5258","targetHints":{"allow":["GET"]}}],"collection":[{"href":"https:\/\/stampcurio.com\/hu\/wp-json\/wp\/v2\/product"}],"about":[{"href":"https:\/\/stampcurio.com\/hu\/wp-json\/wp\/v2\/types\/product"}],"wp:featuredmedia":[{"embeddable":true,"href":"https:\/\/stampcurio.com\/hu\/wp-json\/wp\/v2\/media\/5307"}],"wp:attachment":[{"href":"https:\/\/stampcurio.com\/hu\/wp-json\/wp\/v2\/media?parent=5258"}],"wp:term":[{"taxonomy":"product_brand","embeddable":true,"href":"https:\/\/stampcurio.com\/hu\/wp-json\/wp\/v2\/product_brand?post=5258"},{"taxonomy":"product_cat","embeddable":true,"href":"https:\/\/stampcurio.com\/hu\/wp-json\/wp\/v2\/product_cat?post=5258"},{"taxonomy":"product_tag","embeddable":true,"href":"https:\/\/stampcurio.com\/hu\/wp-json\/wp\/v2\/product_tag?post=5258"}],"curies":[{"name":"wp","href":"https:\/\/api.w.org\/{rel}","templated":true}]}}