{"id":5202,"date":"2023-11-19T20:16:54","date_gmt":"2023-11-19T19:16:54","guid":{"rendered":"http:\/\/stampcurio.com\/?post_type=product&#038;p=5202"},"modified":"2025-12-05T04:11:47","modified_gmt":"2025-12-05T03:11:47","slug":"1920-magyar-posta-porto-2-f-postatiszta-kilencestomb-a-kozepso-belyeg-ertekszama-alig-latszik","status":"publish","type":"product","link":"https:\/\/stampcurio.com\/hu\/termek\/1920-magyar-posta-porto-2-f-postatiszta-kilencestomb-a-kozepso-belyeg-ertekszama-alig-latszik\/","title":{"rendered":"1920 MAGYAR POSTA port\u00f3 2 f postatiszta ** kilencest\u00f6mb &#8211; a k\u00f6z\u00e9ps\u0151 b\u00e9lyeg \u00e9rt\u00e9ksz\u00e1ma alig l\u00e1tszik"},"content":{"rendered":"","protected":false},"excerpt":{"rendered":"","protected":false},"featured_media":11599,"template":"","meta":[],"product_brand":[],"product_cat":[73],"product_tag":[1044,116,108,217],"class_list":{"0":"post-5202","1":"product","2":"type-product","3":"status-publish","4":"has-post-thumbnail","6":"product_cat-magyarorszag-1st","7":"product_tag-1st-auction-hu","8":"product_tag-belyeg","9":"product_tag-porto","10":"product_tag-tevnyomat","11":"pa_catalog_id-603","13":"first","14":"outofstock","15":"sold-individually","16":"shipping-taxable","17":"product-type-simple"},"_links":{"self":[{"href":"https:\/\/stampcurio.com\/hu\/wp-json\/wp\/v2\/product\/5202","targetHints":{"allow":["GET"]}}],"collection":[{"href":"https:\/\/stampcurio.com\/hu\/wp-json\/wp\/v2\/product"}],"about":[{"href":"https:\/\/stampcurio.com\/hu\/wp-json\/wp\/v2\/types\/product"}],"wp:featuredmedia":[{"embeddable":true,"href":"https:\/\/stampcurio.com\/hu\/wp-json\/wp\/v2\/media\/11599"}],"wp:attachment":[{"href":"https:\/\/stampcurio.com\/hu\/wp-json\/wp\/v2\/media?parent=5202"}],"wp:term":[{"taxonomy":"product_brand","embeddable":true,"href":"https:\/\/stampcurio.com\/hu\/wp-json\/wp\/v2\/product_brand?post=5202"},{"taxonomy":"product_cat","embeddable":true,"href":"https:\/\/stampcurio.com\/hu\/wp-json\/wp\/v2\/product_cat?post=5202"},{"taxonomy":"product_tag","embeddable":true,"href":"https:\/\/stampcurio.com\/hu\/wp-json\/wp\/v2\/product_tag?post=5202"}],"curies":[{"name":"wp","href":"https:\/\/api.w.org\/{rel}","templated":true}]}}