{"id":5196,"date":"2023-11-19T20:07:04","date_gmt":"2023-11-19T19:07:04","guid":{"rendered":"http:\/\/stampcurio.com\/?post_type=product&#038;p=5196"},"modified":"2025-12-05T04:11:48","modified_gmt":"2025-12-05T03:11:48","slug":"1901-ddsg-a-ketszin-nyomott-kiadas-negy-erteke","status":"publish","type":"product","link":"https:\/\/stampcurio.com\/hu\/termek\/1901-ddsg-a-ketszin-nyomott-kiadas-negy-erteke\/","title":{"rendered":"1901 DDSG a k\u00e9tsz\u00edn nyomott kiad\u00e1s n\u00e9gy \u00e9rt\u00e9ke"},"content":{"rendered":"","protected":false},"excerpt":{"rendered":"","protected":false},"featured_media":11614,"template":"","meta":[],"product_brand":[],"product_cat":[60,73,105],"product_tag":[1044,116,323],"class_list":{"0":"post-5196","1":"product","2":"type-product","3":"status-publish","4":"has-post-thumbnail","6":"product_cat-ausztria-1st","7":"product_cat-magyarorszag-1st","8":"product_cat-romania-1st","9":"product_tag-1st-auction-hu","10":"product_tag-belyeg","11":"product_tag-ddsg","12":"pa_catalog_id-600","14":"first","15":"outofstock","16":"sold-individually","17":"shipping-taxable","18":"product-type-simple"},"_links":{"self":[{"href":"https:\/\/stampcurio.com\/hu\/wp-json\/wp\/v2\/product\/5196","targetHints":{"allow":["GET"]}}],"collection":[{"href":"https:\/\/stampcurio.com\/hu\/wp-json\/wp\/v2\/product"}],"about":[{"href":"https:\/\/stampcurio.com\/hu\/wp-json\/wp\/v2\/types\/product"}],"wp:featuredmedia":[{"embeddable":true,"href":"https:\/\/stampcurio.com\/hu\/wp-json\/wp\/v2\/media\/11614"}],"wp:attachment":[{"href":"https:\/\/stampcurio.com\/hu\/wp-json\/wp\/v2\/media?parent=5196"}],"wp:term":[{"taxonomy":"product_brand","embeddable":true,"href":"https:\/\/stampcurio.com\/hu\/wp-json\/wp\/v2\/product_brand?post=5196"},{"taxonomy":"product_cat","embeddable":true,"href":"https:\/\/stampcurio.com\/hu\/wp-json\/wp\/v2\/product_cat?post=5196"},{"taxonomy":"product_tag","embeddable":true,"href":"https:\/\/stampcurio.com\/hu\/wp-json\/wp\/v2\/product_tag?post=5196"}],"curies":[{"name":"wp","href":"https:\/\/api.w.org\/{rel}","templated":true}]}}