{"id":5194,"date":"2023-11-19T20:02:12","date_gmt":"2023-11-19T19:02:12","guid":{"rendered":"http:\/\/stampcurio.com\/?post_type=product&#038;p=5194"},"modified":"2025-12-05T04:11:48","modified_gmt":"2025-12-05T03:11:48","slug":"1919-magyar-posta-15f-par-rendkivul-latvanyos-papirranccal","status":"publish","type":"product","link":"https:\/\/stampcurio.com\/hu\/termek\/1919-magyar-posta-15f-par-rendkivul-latvanyos-papirranccal\/","title":{"rendered":"1919 MAGYAR POSTA 15f p\u00e1r rendk\u00edv\u00fcl l\u00e1tv\u00e1nyos pap\u00edrr\u00e1nccal"},"content":{"rendered":"","protected":false},"excerpt":{"rendered":"<p>A fels\u0151 b\u00e9lyegen sarokhi\u00e1ny.<\/p>\n","protected":false},"featured_media":5161,"template":"","meta":[],"product_brand":[],"product_cat":[73],"product_tag":[1044,116,217],"class_list":{"0":"post-5194","1":"product","2":"type-product","3":"status-publish","4":"has-post-thumbnail","6":"product_cat-magyarorszag-1st","7":"product_tag-1st-auction-hu","8":"product_tag-belyeg","9":"product_tag-tevnyomat","10":"pa_catalog_id-599","12":"first","13":"outofstock","14":"sold-individually","15":"shipping-taxable","16":"product-type-simple"},"_links":{"self":[{"href":"https:\/\/stampcurio.com\/hu\/wp-json\/wp\/v2\/product\/5194","targetHints":{"allow":["GET"]}}],"collection":[{"href":"https:\/\/stampcurio.com\/hu\/wp-json\/wp\/v2\/product"}],"about":[{"href":"https:\/\/stampcurio.com\/hu\/wp-json\/wp\/v2\/types\/product"}],"wp:featuredmedia":[{"embeddable":true,"href":"https:\/\/stampcurio.com\/hu\/wp-json\/wp\/v2\/media\/5161"}],"wp:attachment":[{"href":"https:\/\/stampcurio.com\/hu\/wp-json\/wp\/v2\/media?parent=5194"}],"wp:term":[{"taxonomy":"product_brand","embeddable":true,"href":"https:\/\/stampcurio.com\/hu\/wp-json\/wp\/v2\/product_brand?post=5194"},{"taxonomy":"product_cat","embeddable":true,"href":"https:\/\/stampcurio.com\/hu\/wp-json\/wp\/v2\/product_cat?post=5194"},{"taxonomy":"product_tag","embeddable":true,"href":"https:\/\/stampcurio.com\/hu\/wp-json\/wp\/v2\/product_tag?post=5194"}],"curies":[{"name":"wp","href":"https:\/\/api.w.org\/{rel}","templated":true}]}}