{"id":5192,"date":"2023-11-19T18:48:29","date_gmt":"2023-11-19T17:48:29","guid":{"rendered":"http:\/\/stampcurio.com\/?post_type=product&#038;p=5192"},"modified":"2025-12-05T04:11:49","modified_gmt":"2025-12-05T03:11:49","slug":"1915-pirosszamu-zoldporto-50f-harmascsik-mindharom-belyeg-forditott-ertekszammal-phu-90-000-ft","status":"publish","type":"product","link":"https:\/\/stampcurio.com\/hu\/termek\/1915-pirosszamu-zoldporto-50f-harmascsik-mindharom-belyeg-forditott-ertekszammal-phu-90-000-ft\/","title":{"rendered":"1915 Pirossz\u00e1m\u00fa z\u00f6ldport\u00f3 50f h\u00e1rmascs\u00edk mindh\u00e1rom b\u00e9lyeg ford\u00edtott \u00e9rt\u00e9ksz\u00e1mmal PHu 90.000+ Ft"},"content":{"rendered":"","protected":false},"excerpt":{"rendered":"","protected":false},"featured_media":5152,"template":"","meta":[],"product_brand":[],"product_cat":[73],"product_tag":[1044,116,176,108,217],"class_list":{"0":"post-5192","1":"product","2":"type-product","3":"status-publish","4":"has-post-thumbnail","6":"product_cat-magyarorszag-1st","7":"product_tag-1st-auction-hu","8":"product_tag-belyeg","9":"product_tag-philagem","10":"product_tag-porto","11":"product_tag-tevnyomat","12":"pa_catalog_id-598","14":"first","15":"outofstock","16":"sold-individually","17":"shipping-taxable","18":"product-type-simple"},"_links":{"self":[{"href":"https:\/\/stampcurio.com\/hu\/wp-json\/wp\/v2\/product\/5192","targetHints":{"allow":["GET"]}}],"collection":[{"href":"https:\/\/stampcurio.com\/hu\/wp-json\/wp\/v2\/product"}],"about":[{"href":"https:\/\/stampcurio.com\/hu\/wp-json\/wp\/v2\/types\/product"}],"wp:featuredmedia":[{"embeddable":true,"href":"https:\/\/stampcurio.com\/hu\/wp-json\/wp\/v2\/media\/5152"}],"wp:attachment":[{"href":"https:\/\/stampcurio.com\/hu\/wp-json\/wp\/v2\/media?parent=5192"}],"wp:term":[{"taxonomy":"product_brand","embeddable":true,"href":"https:\/\/stampcurio.com\/hu\/wp-json\/wp\/v2\/product_brand?post=5192"},{"taxonomy":"product_cat","embeddable":true,"href":"https:\/\/stampcurio.com\/hu\/wp-json\/wp\/v2\/product_cat?post=5192"},{"taxonomy":"product_tag","embeddable":true,"href":"https:\/\/stampcurio.com\/hu\/wp-json\/wp\/v2\/product_tag?post=5192"}],"curies":[{"name":"wp","href":"https:\/\/api.w.org\/{rel}","templated":true}]}}