{"id":5190,"date":"2023-11-19T18:43:28","date_gmt":"2023-11-19T17:43:28","guid":{"rendered":"http:\/\/stampcurio.com\/?post_type=product&#038;p=5190"},"modified":"2025-12-05T04:11:49","modified_gmt":"2025-12-05T03:11:49","slug":"1931-kisegito-porto-4-5-filler-ivsarki-par-14145-fogazattal-az-ivszelen-erdekes-nyomassal-phu-7-000-ft","status":"publish","type":"product","link":"https:\/\/stampcurio.com\/hu\/termek\/1931-kisegito-porto-4-5-filler-ivsarki-par-14145-fogazattal-az-ivszelen-erdekes-nyomassal-phu-7-000-ft\/","title":{"rendered":"1931 Kiseg\u00edt\u0151 port\u00f3 4\/5 fill\u00e9r \u00edvsarki p\u00e1r 14:14,5 fogazattal az \u00edvsz\u00e9len \u00e9rdekes nyom\u00e1ssal PHu 7.000+ Ft"},"content":{"rendered":"","protected":false},"excerpt":{"rendered":"","protected":false},"featured_media":11636,"template":"","meta":[],"product_brand":[],"product_cat":[73],"product_tag":[1044,116,108,217],"class_list":{"0":"post-5190","1":"product","2":"type-product","3":"status-publish","4":"has-post-thumbnail","6":"product_cat-magyarorszag-1st","7":"product_tag-1st-auction-hu","8":"product_tag-belyeg","9":"product_tag-porto","10":"product_tag-tevnyomat","11":"pa_catalog_id-597","13":"first","14":"outofstock","15":"sold-individually","16":"shipping-taxable","17":"product-type-simple"},"_links":{"self":[{"href":"https:\/\/stampcurio.com\/hu\/wp-json\/wp\/v2\/product\/5190","targetHints":{"allow":["GET"]}}],"collection":[{"href":"https:\/\/stampcurio.com\/hu\/wp-json\/wp\/v2\/product"}],"about":[{"href":"https:\/\/stampcurio.com\/hu\/wp-json\/wp\/v2\/types\/product"}],"wp:featuredmedia":[{"embeddable":true,"href":"https:\/\/stampcurio.com\/hu\/wp-json\/wp\/v2\/media\/11636"}],"wp:attachment":[{"href":"https:\/\/stampcurio.com\/hu\/wp-json\/wp\/v2\/media?parent=5190"}],"wp:term":[{"taxonomy":"product_brand","embeddable":true,"href":"https:\/\/stampcurio.com\/hu\/wp-json\/wp\/v2\/product_brand?post=5190"},{"taxonomy":"product_cat","embeddable":true,"href":"https:\/\/stampcurio.com\/hu\/wp-json\/wp\/v2\/product_cat?post=5190"},{"taxonomy":"product_tag","embeddable":true,"href":"https:\/\/stampcurio.com\/hu\/wp-json\/wp\/v2\/product_tag?post=5190"}],"curies":[{"name":"wp","href":"https:\/\/api.w.org\/{rel}","templated":true}]}}