{"id":5132,"date":"2023-11-19T18:18:48","date_gmt":"2023-11-19T17:18:48","guid":{"rendered":"http:\/\/stampcurio.com\/?post_type=product&#038;p=5132"},"modified":"2025-12-05T04:11:50","modified_gmt":"2025-12-05T03:11:50","slug":"1918-koztarsasag-hadisegely-iii-10-f-az-also-belyegen-hianyzo-felulnyomattal-mbk-min-150p","status":"publish","type":"product","link":"https:\/\/stampcurio.com\/hu\/termek\/1918-koztarsasag-hadisegely-iii-10-f-az-also-belyegen-hianyzo-felulnyomattal-mbk-min-150p\/","title":{"rendered":"1918 K\u00f6zt\u00e1rsas\u00e1g Hadiseg\u00e9ly III. 10 f, az als\u00f3 b\u00e9lyegen hi\u00e1nyz\u00f3 fel\u00fclnyomattal MBK min. 150p"},"content":{"rendered":"","protected":false},"excerpt":{"rendered":"","protected":false},"featured_media":11618,"template":"","meta":[],"product_brand":[],"product_cat":[73],"product_tag":[1044,116,176,217],"class_list":{"0":"post-5132","1":"product","2":"type-product","3":"status-publish","4":"has-post-thumbnail","6":"product_cat-magyarorszag-1st","7":"product_tag-1st-auction-hu","8":"product_tag-belyeg","9":"product_tag-philagem","10":"product_tag-tevnyomat","11":"pa_catalog_id-595","13":"first","14":"outofstock","15":"sold-individually","16":"shipping-taxable","17":"product-type-simple"},"_links":{"self":[{"href":"https:\/\/stampcurio.com\/hu\/wp-json\/wp\/v2\/product\/5132","targetHints":{"allow":["GET"]}}],"collection":[{"href":"https:\/\/stampcurio.com\/hu\/wp-json\/wp\/v2\/product"}],"about":[{"href":"https:\/\/stampcurio.com\/hu\/wp-json\/wp\/v2\/types\/product"}],"wp:featuredmedia":[{"embeddable":true,"href":"https:\/\/stampcurio.com\/hu\/wp-json\/wp\/v2\/media\/11618"}],"wp:attachment":[{"href":"https:\/\/stampcurio.com\/hu\/wp-json\/wp\/v2\/media?parent=5132"}],"wp:term":[{"taxonomy":"product_brand","embeddable":true,"href":"https:\/\/stampcurio.com\/hu\/wp-json\/wp\/v2\/product_brand?post=5132"},{"taxonomy":"product_cat","embeddable":true,"href":"https:\/\/stampcurio.com\/hu\/wp-json\/wp\/v2\/product_cat?post=5132"},{"taxonomy":"product_tag","embeddable":true,"href":"https:\/\/stampcurio.com\/hu\/wp-json\/wp\/v2\/product_tag?post=5132"}],"curies":[{"name":"wp","href":"https:\/\/api.w.org\/{rel}","templated":true}]}}