{"id":5129,"date":"2023-11-19T18:15:16","date_gmt":"2023-11-19T17:15:16","guid":{"rendered":"http:\/\/stampcurio.com\/?post_type=product&#038;p=5129"},"modified":"2025-12-05T04:11:51","modified_gmt":"2025-12-05T03:11:51","slug":"1918-zita-40f-koztarsasag-felulnyomassal-postatiszta-olajzold-szinben-tampeldany","status":"publish","type":"product","link":"https:\/\/stampcurio.com\/hu\/termek\/1918-zita-40f-koztarsasag-felulnyomassal-postatiszta-olajzold-szinben-tampeldany\/","title":{"rendered":"1918 Zita 40f k\u00f6zt\u00e1rsas\u00e1g fel\u00fclnyom\u00e1ssal postatiszta * &#8211; olajz\u00f6ld sz\u00ednben + t\u00e1mp\u00e9ld\u00e1ny"},"content":{"rendered":"","protected":false},"excerpt":{"rendered":"","protected":false},"featured_media":11621,"template":"","meta":[],"product_brand":[],"product_cat":[73],"product_tag":[1044,116,1008,217],"class_list":{"0":"post-5129","1":"product","2":"type-product","3":"status-publish","4":"has-post-thumbnail","6":"product_cat-magyarorszag-1st","7":"product_tag-1st-auction-hu","8":"product_tag-belyeg","9":"product_tag-ebay","10":"product_tag-tevnyomat","11":"pa_catalog_id-594","13":"first","14":"outofstock","15":"sold-individually","16":"shipping-taxable","17":"product-type-simple"},"_links":{"self":[{"href":"https:\/\/stampcurio.com\/hu\/wp-json\/wp\/v2\/product\/5129","targetHints":{"allow":["GET"]}}],"collection":[{"href":"https:\/\/stampcurio.com\/hu\/wp-json\/wp\/v2\/product"}],"about":[{"href":"https:\/\/stampcurio.com\/hu\/wp-json\/wp\/v2\/types\/product"}],"wp:featuredmedia":[{"embeddable":true,"href":"https:\/\/stampcurio.com\/hu\/wp-json\/wp\/v2\/media\/11621"}],"wp:attachment":[{"href":"https:\/\/stampcurio.com\/hu\/wp-json\/wp\/v2\/media?parent=5129"}],"wp:term":[{"taxonomy":"product_brand","embeddable":true,"href":"https:\/\/stampcurio.com\/hu\/wp-json\/wp\/v2\/product_brand?post=5129"},{"taxonomy":"product_cat","embeddable":true,"href":"https:\/\/stampcurio.com\/hu\/wp-json\/wp\/v2\/product_cat?post=5129"},{"taxonomy":"product_tag","embeddable":true,"href":"https:\/\/stampcurio.com\/hu\/wp-json\/wp\/v2\/product_tag?post=5129"}],"curies":[{"name":"wp","href":"https:\/\/api.w.org\/{rel}","templated":true}]}}