{"id":5128,"date":"2023-11-19T18:12:19","date_gmt":"2023-11-19T17:12:19","guid":{"rendered":"http:\/\/stampcurio.com\/?post_type=product&#038;p=5128"},"modified":"2025-12-05T04:11:51","modified_gmt":"2025-12-05T03:11:51","slug":"1921-nyugat-magyarorszag-vii-10-k-postatiszta-ket-szin-probanyomat-es-a-vegleges-belyeg-bodor-garanciajellel","status":"publish","type":"product","link":"https:\/\/stampcurio.com\/hu\/termek\/1921-nyugat-magyarorszag-vii-10-k-postatiszta-ket-szin-probanyomat-es-a-vegleges-belyeg-bodor-garanciajellel\/","title":{"rendered":"1921 Nyugat-Magyarorsz\u00e1g VII. 10 K postatiszta **, k\u00e9t sz\u00edn pr\u00f3banyomat \u00e9s a v\u00e9gleges b\u00e9lyeg &#8211; Bodor garanciajellel"},"content":{"rendered":"","protected":false},"excerpt":{"rendered":"","protected":false},"featured_media":11623,"template":"","meta":[],"product_brand":[],"product_cat":[60,73],"product_tag":[1044,116,390],"class_list":{"0":"post-5128","1":"product","2":"type-product","3":"status-publish","4":"has-post-thumbnail","6":"product_cat-ausztria-1st","7":"product_cat-magyarorszag-1st","8":"product_tag-1st-auction-hu","9":"product_tag-belyeg","10":"product_tag-probanyomat","11":"pa_catalog_id-593","13":"first","14":"outofstock","15":"sold-individually","16":"shipping-taxable","17":"product-type-simple"},"_links":{"self":[{"href":"https:\/\/stampcurio.com\/hu\/wp-json\/wp\/v2\/product\/5128","targetHints":{"allow":["GET"]}}],"collection":[{"href":"https:\/\/stampcurio.com\/hu\/wp-json\/wp\/v2\/product"}],"about":[{"href":"https:\/\/stampcurio.com\/hu\/wp-json\/wp\/v2\/types\/product"}],"wp:featuredmedia":[{"embeddable":true,"href":"https:\/\/stampcurio.com\/hu\/wp-json\/wp\/v2\/media\/11623"}],"wp:attachment":[{"href":"https:\/\/stampcurio.com\/hu\/wp-json\/wp\/v2\/media?parent=5128"}],"wp:term":[{"taxonomy":"product_brand","embeddable":true,"href":"https:\/\/stampcurio.com\/hu\/wp-json\/wp\/v2\/product_brand?post=5128"},{"taxonomy":"product_cat","embeddable":true,"href":"https:\/\/stampcurio.com\/hu\/wp-json\/wp\/v2\/product_cat?post=5128"},{"taxonomy":"product_tag","embeddable":true,"href":"https:\/\/stampcurio.com\/hu\/wp-json\/wp\/v2\/product_tag?post=5128"}],"curies":[{"name":"wp","href":"https:\/\/api.w.org\/{rel}","templated":true}]}}