{"id":5125,"date":"2023-11-19T18:08:53","date_gmt":"2023-11-19T17:08:53","guid":{"rendered":"http:\/\/stampcurio.com\/?post_type=product&#038;p=5125"},"modified":"2025-12-05T04:11:51","modified_gmt":"2025-12-05T03:11:51","slug":"1921-nyugat-magyarorszag-vii-5-k-forditott-allasu-parokat-tartalmazo-postatiszta-negyestombben","status":"publish","type":"product","link":"https:\/\/stampcurio.com\/hu\/termek\/1921-nyugat-magyarorszag-vii-5-k-forditott-allasu-parokat-tartalmazo-postatiszta-negyestombben\/","title":{"rendered":"1921 Nyugat-Magyarorsz\u00e1g VII. 5 K ford\u00edtott \u00e1ll\u00e1s\u00fa p\u00e1rokat tartalmaz\u00f3 postatiszta ** n\u00e9gyest\u00f6mbben"},"content":{"rendered":"","protected":false},"excerpt":{"rendered":"","protected":false},"featured_media":11627,"template":"","meta":[],"product_brand":[],"product_cat":[60,73],"product_tag":[1044,116],"class_list":{"0":"post-5125","1":"product","2":"type-product","3":"status-publish","4":"has-post-thumbnail","6":"product_cat-ausztria-1st","7":"product_cat-magyarorszag-1st","8":"product_tag-1st-auction-hu","9":"product_tag-belyeg","10":"pa_catalog_id-592","12":"first","13":"outofstock","14":"sold-individually","15":"shipping-taxable","16":"product-type-simple"},"_links":{"self":[{"href":"https:\/\/stampcurio.com\/hu\/wp-json\/wp\/v2\/product\/5125","targetHints":{"allow":["GET"]}}],"collection":[{"href":"https:\/\/stampcurio.com\/hu\/wp-json\/wp\/v2\/product"}],"about":[{"href":"https:\/\/stampcurio.com\/hu\/wp-json\/wp\/v2\/types\/product"}],"wp:featuredmedia":[{"embeddable":true,"href":"https:\/\/stampcurio.com\/hu\/wp-json\/wp\/v2\/media\/11627"}],"wp:attachment":[{"href":"https:\/\/stampcurio.com\/hu\/wp-json\/wp\/v2\/media?parent=5125"}],"wp:term":[{"taxonomy":"product_brand","embeddable":true,"href":"https:\/\/stampcurio.com\/hu\/wp-json\/wp\/v2\/product_brand?post=5125"},{"taxonomy":"product_cat","embeddable":true,"href":"https:\/\/stampcurio.com\/hu\/wp-json\/wp\/v2\/product_cat?post=5125"},{"taxonomy":"product_tag","embeddable":true,"href":"https:\/\/stampcurio.com\/hu\/wp-json\/wp\/v2\/product_tag?post=5125"}],"curies":[{"name":"wp","href":"https:\/\/api.w.org\/{rel}","templated":true}]}}