{"id":5122,"date":"2023-11-19T17:59:46","date_gmt":"2023-11-19T16:59:46","guid":{"rendered":"http:\/\/stampcurio.com\/?post_type=product&#038;p=5122"},"modified":"2025-12-05T04:11:52","modified_gmt":"2025-12-05T03:11:52","slug":"1921-nyugat-magyarorszag-vii-25-k-vagott-postatiszta-harmascsik-extra-ivszellel-bodor-garanciajellel","status":"publish","type":"product","link":"https:\/\/stampcurio.com\/hu\/termek\/1921-nyugat-magyarorszag-vii-25-k-vagott-postatiszta-harmascsik-extra-ivszellel-bodor-garanciajellel\/","title":{"rendered":"1921 Nyugat-Magyarorsz\u00e1g VII. 2,5 K &#8211; v\u00e1gott postatiszta h\u00e1rmascs\u00edk extra \u00edvsz\u00e9llel &#8211; Bodor garanciajellel"},"content":{"rendered":"","protected":false},"excerpt":{"rendered":"<p>Falcnyom az \u00edvsz\u00e9l tetej\u00e9n, ahogy a k\u00e9pen l\u00e1that\u00f3.<\/p>\n","protected":false},"featured_media":11633,"template":"","meta":[],"product_brand":[],"product_cat":[60,73],"product_tag":[1044,116],"class_list":{"0":"post-5122","1":"product","2":"type-product","3":"status-publish","4":"has-post-thumbnail","6":"product_cat-ausztria-1st","7":"product_cat-magyarorszag-1st","8":"product_tag-1st-auction-hu","9":"product_tag-belyeg","10":"pa_catalog_id-590","12":"first","13":"outofstock","14":"sold-individually","15":"shipping-taxable","16":"product-type-simple"},"_links":{"self":[{"href":"https:\/\/stampcurio.com\/hu\/wp-json\/wp\/v2\/product\/5122","targetHints":{"allow":["GET"]}}],"collection":[{"href":"https:\/\/stampcurio.com\/hu\/wp-json\/wp\/v2\/product"}],"about":[{"href":"https:\/\/stampcurio.com\/hu\/wp-json\/wp\/v2\/types\/product"}],"wp:featuredmedia":[{"embeddable":true,"href":"https:\/\/stampcurio.com\/hu\/wp-json\/wp\/v2\/media\/11633"}],"wp:attachment":[{"href":"https:\/\/stampcurio.com\/hu\/wp-json\/wp\/v2\/media?parent=5122"}],"wp:term":[{"taxonomy":"product_brand","embeddable":true,"href":"https:\/\/stampcurio.com\/hu\/wp-json\/wp\/v2\/product_brand?post=5122"},{"taxonomy":"product_cat","embeddable":true,"href":"https:\/\/stampcurio.com\/hu\/wp-json\/wp\/v2\/product_cat?post=5122"},{"taxonomy":"product_tag","embeddable":true,"href":"https:\/\/stampcurio.com\/hu\/wp-json\/wp\/v2\/product_tag?post=5122"}],"curies":[{"name":"wp","href":"https:\/\/api.w.org\/{rel}","templated":true}]}}