{"id":5080,"date":"2023-11-19T17:47:41","date_gmt":"2023-11-19T16:47:41","guid":{"rendered":"http:\/\/stampcurio.com\/?post_type=product&#038;p=5080"},"modified":"2025-12-05T04:11:53","modified_gmt":"2025-12-05T03:11:53","slug":"1851-ausztria-kek-merkur-vilagoskek-ib-tipus-cimszallag-darabon-rosnyo-belyegzessel-ferchenbauer-250-eur","status":"publish","type":"product","link":"https:\/\/stampcurio.com\/hu\/termek\/1851-ausztria-kek-merkur-vilagoskek-ib-tipus-cimszallag-darabon-rosnyo-belyegzessel-ferchenbauer-250-eur\/","title":{"rendered":"1851 Ausztria k\u00e9k merk\u00far vil\u00e1gosk\u00e9k Ib tipus c\u00edmszallag darabon ROSNY\u00d3 b\u00e9lyegz\u00e9ssel &#8211; Ferchenbauer 250 EUR"},"content":{"rendered":"","protected":false},"excerpt":{"rendered":"","protected":false},"featured_media":5025,"template":"","meta":[],"product_brand":[],"product_cat":[60,73,193],"product_tag":[1044,116,67],"class_list":{"0":"post-5080","1":"product","2":"type-product","3":"status-publish","4":"has-post-thumbnail","6":"product_cat-ausztria-1st","7":"product_cat-magyarorszag-1st","8":"product_cat-szlovakia-1st","9":"product_tag-1st-auction-hu","10":"product_tag-belyeg","11":"product_tag-marcofilatelia","12":"pa_catalog_id-589","14":"first","15":"outofstock","16":"sold-individually","17":"shipping-taxable","18":"product-type-simple"},"_links":{"self":[{"href":"https:\/\/stampcurio.com\/hu\/wp-json\/wp\/v2\/product\/5080","targetHints":{"allow":["GET"]}}],"collection":[{"href":"https:\/\/stampcurio.com\/hu\/wp-json\/wp\/v2\/product"}],"about":[{"href":"https:\/\/stampcurio.com\/hu\/wp-json\/wp\/v2\/types\/product"}],"wp:featuredmedia":[{"embeddable":true,"href":"https:\/\/stampcurio.com\/hu\/wp-json\/wp\/v2\/media\/5025"}],"wp:attachment":[{"href":"https:\/\/stampcurio.com\/hu\/wp-json\/wp\/v2\/media?parent=5080"}],"wp:term":[{"taxonomy":"product_brand","embeddable":true,"href":"https:\/\/stampcurio.com\/hu\/wp-json\/wp\/v2\/product_brand?post=5080"},{"taxonomy":"product_cat","embeddable":true,"href":"https:\/\/stampcurio.com\/hu\/wp-json\/wp\/v2\/product_cat?post=5080"},{"taxonomy":"product_tag","embeddable":true,"href":"https:\/\/stampcurio.com\/hu\/wp-json\/wp\/v2\/product_tag?post=5080"}],"curies":[{"name":"wp","href":"https:\/\/api.w.org\/{rel}","templated":true}]}}