{"id":5075,"date":"2023-11-19T17:38:29","date_gmt":"2023-11-19T16:38:29","guid":{"rendered":"http:\/\/stampcurio.com\/?post_type=product&#038;p=5075"},"modified":"2025-12-05T04:11:53","modified_gmt":"2025-12-05T03:11:53","slug":"1918-ausztria-magyarorszag-olaszorszag-helyi-kiadas-udine-3c-75c-block-of-16-nagy-osszefuggseben-ritka","status":"publish","type":"product","link":"https:\/\/stampcurio.com\/hu\/termek\/1918-ausztria-magyarorszag-olaszorszag-helyi-kiadas-udine-3c-75c-block-of-16-nagy-osszefuggseben-ritka\/","title":{"rendered":"1918 Ausztria-Magyarorsz\u00e1g Olaszorsz\u00e1g helyi kiad\u00e1s UDINE 3C\/7,5C Block of 16 &#8211; nagy \u00f6sszef\u00fcggs\u00e9ben ritka"},"content":{"rendered":"","protected":false},"excerpt":{"rendered":"","protected":false},"featured_media":11602,"template":"","meta":[],"product_brand":[],"product_cat":[60,73,86],"product_tag":[1044,116],"class_list":{"0":"post-5075","1":"product","2":"type-product","3":"status-publish","4":"has-post-thumbnail","6":"product_cat-ausztria-1st","7":"product_cat-magyarorszag-1st","8":"product_cat-olaszorszag-1st","9":"product_tag-1st-auction-hu","10":"product_tag-belyeg","11":"pa_catalog_id-587","13":"first","14":"outofstock","15":"sold-individually","16":"shipping-taxable","17":"product-type-simple"},"_links":{"self":[{"href":"https:\/\/stampcurio.com\/hu\/wp-json\/wp\/v2\/product\/5075","targetHints":{"allow":["GET"]}}],"collection":[{"href":"https:\/\/stampcurio.com\/hu\/wp-json\/wp\/v2\/product"}],"about":[{"href":"https:\/\/stampcurio.com\/hu\/wp-json\/wp\/v2\/types\/product"}],"wp:featuredmedia":[{"embeddable":true,"href":"https:\/\/stampcurio.com\/hu\/wp-json\/wp\/v2\/media\/11602"}],"wp:attachment":[{"href":"https:\/\/stampcurio.com\/hu\/wp-json\/wp\/v2\/media?parent=5075"}],"wp:term":[{"taxonomy":"product_brand","embeddable":true,"href":"https:\/\/stampcurio.com\/hu\/wp-json\/wp\/v2\/product_brand?post=5075"},{"taxonomy":"product_cat","embeddable":true,"href":"https:\/\/stampcurio.com\/hu\/wp-json\/wp\/v2\/product_cat?post=5075"},{"taxonomy":"product_tag","embeddable":true,"href":"https:\/\/stampcurio.com\/hu\/wp-json\/wp\/v2\/product_tag?post=5075"}],"curies":[{"name":"wp","href":"https:\/\/api.w.org\/{rel}","templated":true}]}}