{"id":5073,"date":"2023-11-19T17:34:44","date_gmt":"2023-11-19T16:34:44","guid":{"rendered":"http:\/\/stampcurio.com\/?post_type=product&#038;p=5073"},"modified":"2025-12-05T04:11:54","modified_gmt":"2025-12-05T03:11:54","slug":"1858-ausztria-15-kr-gepszinatnyomattal-pesth-belyegzessel-ferchenbauer-60-eur","status":"publish","type":"product","link":"https:\/\/stampcurio.com\/hu\/termek\/1858-ausztria-15-kr-gepszinatnyomattal-pesth-belyegzessel-ferchenbauer-60-eur\/","title":{"rendered":"1858 Ausztria 15 kr g\u00e9psz\u00edn\u00e1tnyomattal PESTH b\u00e9lyegz\u00e9ssel &#8211; Ferchenbauer 60 EUR"},"content":{"rendered":"","protected":false},"excerpt":{"rendered":"","protected":false},"featured_media":11605,"template":"","meta":[],"product_brand":[],"product_cat":[60,73],"product_tag":[1044,116,217],"class_list":{"0":"post-5073","1":"product","2":"type-product","3":"status-publish","4":"has-post-thumbnail","6":"product_cat-ausztria-1st","7":"product_cat-magyarorszag-1st","8":"product_tag-1st-auction-hu","9":"product_tag-belyeg","10":"product_tag-tevnyomat","11":"pa_catalog_id-586","13":"first","14":"outofstock","15":"sold-individually","16":"shipping-taxable","17":"product-type-simple"},"_links":{"self":[{"href":"https:\/\/stampcurio.com\/hu\/wp-json\/wp\/v2\/product\/5073","targetHints":{"allow":["GET"]}}],"collection":[{"href":"https:\/\/stampcurio.com\/hu\/wp-json\/wp\/v2\/product"}],"about":[{"href":"https:\/\/stampcurio.com\/hu\/wp-json\/wp\/v2\/types\/product"}],"wp:featuredmedia":[{"embeddable":true,"href":"https:\/\/stampcurio.com\/hu\/wp-json\/wp\/v2\/media\/11605"}],"wp:attachment":[{"href":"https:\/\/stampcurio.com\/hu\/wp-json\/wp\/v2\/media?parent=5073"}],"wp:term":[{"taxonomy":"product_brand","embeddable":true,"href":"https:\/\/stampcurio.com\/hu\/wp-json\/wp\/v2\/product_brand?post=5073"},{"taxonomy":"product_cat","embeddable":true,"href":"https:\/\/stampcurio.com\/hu\/wp-json\/wp\/v2\/product_cat?post=5073"},{"taxonomy":"product_tag","embeddable":true,"href":"https:\/\/stampcurio.com\/hu\/wp-json\/wp\/v2\/product_tag?post=5073"}],"curies":[{"name":"wp","href":"https:\/\/api.w.org\/{rel}","templated":true}]}}