{"id":5068,"date":"2023-11-19T17:30:14","date_gmt":"2023-11-19T16:30:14","guid":{"rendered":"http:\/\/stampcurio.com\/?post_type=product&#038;p=5068"},"modified":"2025-12-05T04:11:54","modified_gmt":"2025-12-05T03:11:54","slug":"1850-ausztria-2-kr-kezi-papir-ib-tipus-harmascsik-semlin-lebelyegzessel-a-3-szamu-lemezhibaval-ferchenbauer-1575-eur","status":"publish","type":"product","link":"https:\/\/stampcurio.com\/hu\/termek\/1850-ausztria-2-kr-kezi-papir-ib-tipus-harmascsik-semlin-lebelyegzessel-a-3-szamu-lemezhibaval-ferchenbauer-1575-eur\/","title":{"rendered":"1850 Ausztria 2 kr k\u00e9zi pap\u00edr Ib tipus h\u00e1rmascs\u00edk SEMLIN leb\u00e9lyegz\u00e9ssel a 3. sz\u00e1m\u00fa lemezhib\u00e1val Ferchenbauer 1575 EUR"},"content":{"rendered":"","protected":false},"excerpt":{"rendered":"<p>A 3. b\u00e9lyegen ferde sarok lemezhib\u00e1val &#8211; Fercbenbauer No. 3. \/ 325 EUR<\/p>\n","protected":false},"featured_media":5070,"template":"","meta":[],"product_brand":[],"product_cat":[60,73,135],"product_tag":[1044,116,67,176,217],"class_list":{"0":"post-5068","1":"product","2":"type-product","3":"status-publish","4":"has-post-thumbnail","6":"product_cat-ausztria-1st","7":"product_cat-magyarorszag-1st","8":"product_cat-szerbia-1st","9":"product_tag-1st-auction-hu","10":"product_tag-belyeg","11":"product_tag-marcofilatelia","12":"product_tag-philagem","13":"product_tag-tevnyomat","14":"pa_catalog_id-585","16":"first","17":"outofstock","18":"sold-individually","19":"shipping-taxable","20":"product-type-simple"},"_links":{"self":[{"href":"https:\/\/stampcurio.com\/hu\/wp-json\/wp\/v2\/product\/5068","targetHints":{"allow":["GET"]}}],"collection":[{"href":"https:\/\/stampcurio.com\/hu\/wp-json\/wp\/v2\/product"}],"about":[{"href":"https:\/\/stampcurio.com\/hu\/wp-json\/wp\/v2\/types\/product"}],"wp:featuredmedia":[{"embeddable":true,"href":"https:\/\/stampcurio.com\/hu\/wp-json\/wp\/v2\/media\/5070"}],"wp:attachment":[{"href":"https:\/\/stampcurio.com\/hu\/wp-json\/wp\/v2\/media?parent=5068"}],"wp:term":[{"taxonomy":"product_brand","embeddable":true,"href":"https:\/\/stampcurio.com\/hu\/wp-json\/wp\/v2\/product_brand?post=5068"},{"taxonomy":"product_cat","embeddable":true,"href":"https:\/\/stampcurio.com\/hu\/wp-json\/wp\/v2\/product_cat?post=5068"},{"taxonomy":"product_tag","embeddable":true,"href":"https:\/\/stampcurio.com\/hu\/wp-json\/wp\/v2\/product_tag?post=5068"}],"curies":[{"name":"wp","href":"https:\/\/api.w.org\/{rel}","templated":true}]}}