{"id":5060,"date":"2023-11-19T17:04:41","date_gmt":"2023-11-19T16:04:41","guid":{"rendered":"http:\/\/stampcurio.com\/?post_type=product&#038;p=5060"},"modified":"2025-12-05T04:11:56","modified_gmt":"2025-12-05T03:11:56","slug":"1850-auszria-szep-tasnad-lebelyegzes-gudlin-100-pont-mueller-35-pont","status":"publish","type":"product","link":"https:\/\/stampcurio.com\/hu\/termek\/1850-auszria-szep-tasnad-lebelyegzes-gudlin-100-pont-mueller-35-pont\/","title":{"rendered":"1850 Auszria sz\u00e9p TASN\u00c1D leb\u00e9lyegz\u00e9s Gudlin 100 pont \/ Mueller 35 pont"},"content":{"rendered":"","protected":false},"excerpt":{"rendered":"","protected":false},"featured_media":10931,"template":"","meta":[],"product_brand":[],"product_cat":[60,73,105],"product_tag":[1044,67],"class_list":{"0":"post-5060","1":"product","2":"type-product","3":"status-publish","4":"has-post-thumbnail","6":"product_cat-ausztria-1st","7":"product_cat-magyarorszag-1st","8":"product_cat-romania-1st","9":"product_tag-1st-auction-hu","10":"product_tag-marcofilatelia","12":"first","13":"instock","14":"sold-individually","15":"shipping-taxable","16":"product-type-simple"},"_links":{"self":[{"href":"https:\/\/stampcurio.com\/hu\/wp-json\/wp\/v2\/product\/5060","targetHints":{"allow":["GET"]}}],"collection":[{"href":"https:\/\/stampcurio.com\/hu\/wp-json\/wp\/v2\/product"}],"about":[{"href":"https:\/\/stampcurio.com\/hu\/wp-json\/wp\/v2\/types\/product"}],"wp:featuredmedia":[{"embeddable":true,"href":"https:\/\/stampcurio.com\/hu\/wp-json\/wp\/v2\/media\/10931"}],"wp:attachment":[{"href":"https:\/\/stampcurio.com\/hu\/wp-json\/wp\/v2\/media?parent=5060"}],"wp:term":[{"taxonomy":"product_brand","embeddable":true,"href":"https:\/\/stampcurio.com\/hu\/wp-json\/wp\/v2\/product_brand?post=5060"},{"taxonomy":"product_cat","embeddable":true,"href":"https:\/\/stampcurio.com\/hu\/wp-json\/wp\/v2\/product_cat?post=5060"},{"taxonomy":"product_tag","embeddable":true,"href":"https:\/\/stampcurio.com\/hu\/wp-json\/wp\/v2\/product_tag?post=5060"}],"curies":[{"name":"wp","href":"https:\/\/api.w.org\/{rel}","templated":true}]}}