{"id":5059,"date":"2023-11-19T17:02:14","date_gmt":"2023-11-19T16:02:14","guid":{"rendered":"http:\/\/stampcurio.com\/?post_type=product&#038;p=5059"},"modified":"2025-12-05T04:11:56","modified_gmt":"2025-12-05T03:11:56","slug":"1850-ausztria-3kr-012-mm-vastag-kartonpapir-szolnok-lebelyegzes-anton-seitz-azonositas-es-szigno","status":"publish","type":"product","link":"https:\/\/stampcurio.com\/hu\/termek\/1850-ausztria-3kr-012-mm-vastag-kartonpapir-szolnok-lebelyegzes-anton-seitz-azonositas-es-szigno\/","title":{"rendered":"1850 Ausztria 3kr 0,12 mm vastag kartonpapir SZOLNOK leb\u00e9lyegz\u00e9s &#8211;  Anton Seitz azonos\u00edt\u00e1s \u00e9s szign\u00f3"},"content":{"rendered":"","protected":false},"excerpt":{"rendered":"","protected":false},"featured_media":11561,"template":"","meta":[],"product_brand":[],"product_cat":[60,73],"product_tag":[1044,116,67],"class_list":{"0":"post-5059","1":"product","2":"type-product","3":"status-publish","4":"has-post-thumbnail","6":"product_cat-ausztria-1st","7":"product_cat-magyarorszag-1st","8":"product_tag-1st-auction-hu","9":"product_tag-belyeg","10":"product_tag-marcofilatelia","11":"pa_catalog_id-581","13":"first","14":"instock","15":"sold-individually","16":"shipping-taxable","17":"product-type-simple"},"_links":{"self":[{"href":"https:\/\/stampcurio.com\/hu\/wp-json\/wp\/v2\/product\/5059","targetHints":{"allow":["GET"]}}],"collection":[{"href":"https:\/\/stampcurio.com\/hu\/wp-json\/wp\/v2\/product"}],"about":[{"href":"https:\/\/stampcurio.com\/hu\/wp-json\/wp\/v2\/types\/product"}],"wp:featuredmedia":[{"embeddable":true,"href":"https:\/\/stampcurio.com\/hu\/wp-json\/wp\/v2\/media\/11561"}],"wp:attachment":[{"href":"https:\/\/stampcurio.com\/hu\/wp-json\/wp\/v2\/media?parent=5059"}],"wp:term":[{"taxonomy":"product_brand","embeddable":true,"href":"https:\/\/stampcurio.com\/hu\/wp-json\/wp\/v2\/product_brand?post=5059"},{"taxonomy":"product_cat","embeddable":true,"href":"https:\/\/stampcurio.com\/hu\/wp-json\/wp\/v2\/product_cat?post=5059"},{"taxonomy":"product_tag","embeddable":true,"href":"https:\/\/stampcurio.com\/hu\/wp-json\/wp\/v2\/product_tag?post=5059"}],"curies":[{"name":"wp","href":"https:\/\/api.w.org\/{rel}","templated":true}]}}