{"id":5042,"date":"2023-11-19T16:37:27","date_gmt":"2023-11-19T15:37:27","guid":{"rendered":"http:\/\/stampcurio.com\/?post_type=product&#038;p=5042"},"modified":"2025-12-05T04:11:59","modified_gmt":"2025-12-05T03:11:59","slug":"1858-1861-vegyes-bermentesites-besztercebanyai-gyogyszertari-ceges-eloertektelenitessel-attest-fercbenbauer","status":"publish","type":"product","link":"https:\/\/stampcurio.com\/hu\/termek\/1858-1861-vegyes-bermentesites-besztercebanyai-gyogyszertari-ceges-eloertektelenitessel-attest-fercbenbauer\/","title":{"rendered":"1858 \/ 1861 vegyes b\u00e9rmentes\u00edt\u00e9s beszterceb\u00e1nyai gy\u00f3gyszert\u00e1ri c\u00e9ges el\u0151\u00e9rt\u00e9ktelen\u00edt\u00e9ssel &#8211; Attest Fercbenbauer"},"content":{"rendered":"","protected":false},"excerpt":{"rendered":"<p>Perfin el\u0151fut\u00e1r.<\/p>\n","protected":false},"featured_media":11584,"template":"","meta":[],"product_brand":[],"product_cat":[60,73,193],"product_tag":[1044,116,67,459,230],"class_list":{"0":"post-5042","1":"product","2":"type-product","3":"status-publish","4":"has-post-thumbnail","6":"product_cat-ausztria-1st","7":"product_cat-magyarorszag-1st","8":"product_cat-szlovakia-1st","9":"product_tag-1st-auction-hu","10":"product_tag-belyeg","11":"product_tag-marcofilatelia","12":"product_tag-orvostudomany","13":"product_tag-perfin","14":"pa_catalog_id-575","16":"first","17":"instock","18":"sold-individually","19":"shipping-taxable","20":"product-type-simple"},"_links":{"self":[{"href":"https:\/\/stampcurio.com\/hu\/wp-json\/wp\/v2\/product\/5042","targetHints":{"allow":["GET"]}}],"collection":[{"href":"https:\/\/stampcurio.com\/hu\/wp-json\/wp\/v2\/product"}],"about":[{"href":"https:\/\/stampcurio.com\/hu\/wp-json\/wp\/v2\/types\/product"}],"wp:featuredmedia":[{"embeddable":true,"href":"https:\/\/stampcurio.com\/hu\/wp-json\/wp\/v2\/media\/11584"}],"wp:attachment":[{"href":"https:\/\/stampcurio.com\/hu\/wp-json\/wp\/v2\/media?parent=5042"}],"wp:term":[{"taxonomy":"product_brand","embeddable":true,"href":"https:\/\/stampcurio.com\/hu\/wp-json\/wp\/v2\/product_brand?post=5042"},{"taxonomy":"product_cat","embeddable":true,"href":"https:\/\/stampcurio.com\/hu\/wp-json\/wp\/v2\/product_cat?post=5042"},{"taxonomy":"product_tag","embeddable":true,"href":"https:\/\/stampcurio.com\/hu\/wp-json\/wp\/v2\/product_tag?post=5042"}],"curies":[{"name":"wp","href":"https:\/\/api.w.org\/{rel}","templated":true}]}}