{"id":5037,"date":"2023-11-19T16:29:38","date_gmt":"2023-11-19T15:29:38","guid":{"rendered":"http:\/\/stampcurio.com\/?post_type=product&#038;p=5037"},"modified":"2025-12-05T04:11:59","modified_gmt":"2025-12-05T03:11:59","slug":"1867-ausztria-fogazasi-variaciok-ferchenbauer-25-eur","status":"publish","type":"product","link":"https:\/\/stampcurio.com\/hu\/termek\/1867-ausztria-fogazasi-variaciok-ferchenbauer-25-eur\/","title":{"rendered":"1867 Ausztria fogaz\u00e1si vari\u00e1ci\u00f3k &#8211; Ferchenbauer 25 EUR"},"content":{"rendered":"","protected":false},"excerpt":{"rendered":"","protected":false},"featured_media":4899,"template":"","meta":[],"product_brand":[],"product_cat":[60],"product_tag":[1044,116],"class_list":{"0":"post-5037","1":"product","2":"type-product","3":"status-publish","4":"has-post-thumbnail","6":"product_cat-ausztria-1st","7":"product_tag-1st-auction-hu","8":"product_tag-belyeg","9":"pa_catalog_id-573","11":"first","12":"instock","13":"sold-individually","14":"shipping-taxable","15":"product-type-simple"},"_links":{"self":[{"href":"https:\/\/stampcurio.com\/hu\/wp-json\/wp\/v2\/product\/5037","targetHints":{"allow":["GET"]}}],"collection":[{"href":"https:\/\/stampcurio.com\/hu\/wp-json\/wp\/v2\/product"}],"about":[{"href":"https:\/\/stampcurio.com\/hu\/wp-json\/wp\/v2\/types\/product"}],"wp:featuredmedia":[{"embeddable":true,"href":"https:\/\/stampcurio.com\/hu\/wp-json\/wp\/v2\/media\/4899"}],"wp:attachment":[{"href":"https:\/\/stampcurio.com\/hu\/wp-json\/wp\/v2\/media?parent=5037"}],"wp:term":[{"taxonomy":"product_brand","embeddable":true,"href":"https:\/\/stampcurio.com\/hu\/wp-json\/wp\/v2\/product_brand?post=5037"},{"taxonomy":"product_cat","embeddable":true,"href":"https:\/\/stampcurio.com\/hu\/wp-json\/wp\/v2\/product_cat?post=5037"},{"taxonomy":"product_tag","embeddable":true,"href":"https:\/\/stampcurio.com\/hu\/wp-json\/wp\/v2\/product_tag?post=5037"}],"curies":[{"name":"wp","href":"https:\/\/api.w.org\/{rel}","templated":true}]}}