{"id":5034,"date":"2023-11-19T16:24:12","date_gmt":"2023-11-19T15:24:12","guid":{"rendered":"http:\/\/stampcurio.com\/?post_type=product&#038;p=5034"},"modified":"2025-12-05T04:12:00","modified_gmt":"2025-12-05T03:12:00","slug":"1850-austria-1kr-par-kadmiumsarga-kezi-papir-iii-tipus-pesth-belyegzessel-attest-fercbenhauer-ferbenhauer-500-eur","status":"publish","type":"product","link":"https:\/\/stampcurio.com\/hu\/termek\/1850-austria-1kr-par-kadmiumsarga-kezi-papir-iii-tipus-pesth-belyegzessel-attest-fercbenhauer-ferbenhauer-500-eur\/","title":{"rendered":"1850 Austria 1kr p\u00e1r kadmiums\u00e1rga k\u00e9zi pap\u00edr III. tipus PESTH b\u00e9lyegz\u00e9ssel &#8211; Attest Fercbenhauer &#8211; Ferbenhauer 500 EUR"},"content":{"rendered":"","protected":false},"excerpt":{"rendered":"","protected":false},"featured_media":4878,"template":"","meta":[],"product_brand":[],"product_cat":[60,73],"product_tag":[1044,116],"class_list":{"0":"post-5034","1":"product","2":"type-product","3":"status-publish","4":"has-post-thumbnail","6":"product_cat-ausztria-1st","7":"product_cat-magyarorszag-1st","8":"product_tag-1st-auction-hu","9":"product_tag-belyeg","10":"pa_catalog_id-571","12":"first","13":"instock","14":"sold-individually","15":"shipping-taxable","16":"product-type-simple"},"_links":{"self":[{"href":"https:\/\/stampcurio.com\/hu\/wp-json\/wp\/v2\/product\/5034","targetHints":{"allow":["GET"]}}],"collection":[{"href":"https:\/\/stampcurio.com\/hu\/wp-json\/wp\/v2\/product"}],"about":[{"href":"https:\/\/stampcurio.com\/hu\/wp-json\/wp\/v2\/types\/product"}],"wp:featuredmedia":[{"embeddable":true,"href":"https:\/\/stampcurio.com\/hu\/wp-json\/wp\/v2\/media\/4878"}],"wp:attachment":[{"href":"https:\/\/stampcurio.com\/hu\/wp-json\/wp\/v2\/media?parent=5034"}],"wp:term":[{"taxonomy":"product_brand","embeddable":true,"href":"https:\/\/stampcurio.com\/hu\/wp-json\/wp\/v2\/product_brand?post=5034"},{"taxonomy":"product_cat","embeddable":true,"href":"https:\/\/stampcurio.com\/hu\/wp-json\/wp\/v2\/product_cat?post=5034"},{"taxonomy":"product_tag","embeddable":true,"href":"https:\/\/stampcurio.com\/hu\/wp-json\/wp\/v2\/product_tag?post=5034"}],"curies":[{"name":"wp","href":"https:\/\/api.w.org\/{rel}","templated":true}]}}