{"id":5032,"date":"2023-11-19T16:21:04","date_gmt":"2023-11-19T15:21:04","guid":{"rendered":"http:\/\/stampcurio.com\/?post_type=product&#038;p=5032"},"modified":"2025-12-05T04:12:01","modified_gmt":"2025-12-05T03:12:01","slug":"1863-ausztria-3-kr-par-zengg-belyegzovel-gudlin-80p-fercbenbauer-attest-ferchenbauer-250-eur","status":"publish","type":"product","link":"https:\/\/stampcurio.com\/hu\/termek\/1863-ausztria-3-kr-par-zengg-belyegzovel-gudlin-80p-fercbenbauer-attest-ferchenbauer-250-eur\/","title":{"rendered":"1863 Ausztria 3 kr p\u00e1r ZENGG b\u00e9lyegz\u0151vel Gudlin 80p &#8211; Fercbenbauer attest &#8211; Ferchenbauer 250 EUR"},"content":{"rendered":"","protected":false},"excerpt":{"rendered":"","protected":false},"featured_media":4866,"template":"","meta":[],"product_brand":[],"product_cat":[60,78,73],"product_tag":[1044,116,67],"class_list":{"0":"post-5032","1":"product","2":"type-product","3":"status-publish","4":"has-post-thumbnail","6":"product_cat-ausztria-1st","7":"product_cat-horvatorszag-1st","8":"product_cat-magyarorszag-1st","9":"product_tag-1st-auction-hu","10":"product_tag-belyeg","11":"product_tag-marcofilatelia","12":"pa_catalog_id-570","14":"first","15":"instock","16":"sold-individually","17":"shipping-taxable","18":"product-type-simple"},"_links":{"self":[{"href":"https:\/\/stampcurio.com\/hu\/wp-json\/wp\/v2\/product\/5032","targetHints":{"allow":["GET"]}}],"collection":[{"href":"https:\/\/stampcurio.com\/hu\/wp-json\/wp\/v2\/product"}],"about":[{"href":"https:\/\/stampcurio.com\/hu\/wp-json\/wp\/v2\/types\/product"}],"wp:featuredmedia":[{"embeddable":true,"href":"https:\/\/stampcurio.com\/hu\/wp-json\/wp\/v2\/media\/4866"}],"wp:attachment":[{"href":"https:\/\/stampcurio.com\/hu\/wp-json\/wp\/v2\/media?parent=5032"}],"wp:term":[{"taxonomy":"product_brand","embeddable":true,"href":"https:\/\/stampcurio.com\/hu\/wp-json\/wp\/v2\/product_brand?post=5032"},{"taxonomy":"product_cat","embeddable":true,"href":"https:\/\/stampcurio.com\/hu\/wp-json\/wp\/v2\/product_cat?post=5032"},{"taxonomy":"product_tag","embeddable":true,"href":"https:\/\/stampcurio.com\/hu\/wp-json\/wp\/v2\/product_tag?post=5032"}],"curies":[{"name":"wp","href":"https:\/\/api.w.org\/{rel}","templated":true}]}}