{"id":5029,"date":"2023-11-19T16:15:06","date_gmt":"2023-11-19T15:15:06","guid":{"rendered":"http:\/\/stampcurio.com\/?post_type=product&#038;p=5029"},"modified":"2025-12-05T04:12:01","modified_gmt":"2025-12-05T03:12:01","slug":"1858-ausztria-lombard-velence-kek-i-tipusu-hirlapbelyeg-verona-belyegzessel-fercbenhauer-szigno-ferchenbauer-935-eur","status":"publish","type":"product","link":"https:\/\/stampcurio.com\/hu\/termek\/1858-ausztria-lombard-velence-kek-i-tipusu-hirlapbelyeg-verona-belyegzessel-fercbenhauer-szigno-ferchenbauer-935-eur\/","title":{"rendered":"1858 Ausztria &#8211; Lombard\u2013Velence &#8211; k\u00e9k I. tipusu h\u00edrlapb\u00e9lyeg VERONA b\u00e9lyegz\u00e9ssel, Fercbenhauer szign\u00f3 &#8211; Ferchenbauer 935 EUR"},"content":{"rendered":"","protected":false},"excerpt":{"rendered":"","protected":false},"featured_media":11592,"template":"","meta":[],"product_brand":[],"product_cat":[60,86],"product_tag":[1044,116],"class_list":{"0":"post-5029","1":"product","2":"type-product","3":"status-publish","4":"has-post-thumbnail","6":"product_cat-ausztria-1st","7":"product_cat-olaszorszag-1st","8":"product_tag-1st-auction-hu","9":"product_tag-belyeg","10":"pa_catalog_id-569","12":"first","13":"instock","14":"sold-individually","15":"shipping-taxable","16":"product-type-simple"},"_links":{"self":[{"href":"https:\/\/stampcurio.com\/hu\/wp-json\/wp\/v2\/product\/5029","targetHints":{"allow":["GET"]}}],"collection":[{"href":"https:\/\/stampcurio.com\/hu\/wp-json\/wp\/v2\/product"}],"about":[{"href":"https:\/\/stampcurio.com\/hu\/wp-json\/wp\/v2\/types\/product"}],"wp:featuredmedia":[{"embeddable":true,"href":"https:\/\/stampcurio.com\/hu\/wp-json\/wp\/v2\/media\/11592"}],"wp:attachment":[{"href":"https:\/\/stampcurio.com\/hu\/wp-json\/wp\/v2\/media?parent=5029"}],"wp:term":[{"taxonomy":"product_brand","embeddable":true,"href":"https:\/\/stampcurio.com\/hu\/wp-json\/wp\/v2\/product_brand?post=5029"},{"taxonomy":"product_cat","embeddable":true,"href":"https:\/\/stampcurio.com\/hu\/wp-json\/wp\/v2\/product_cat?post=5029"},{"taxonomy":"product_tag","embeddable":true,"href":"https:\/\/stampcurio.com\/hu\/wp-json\/wp\/v2\/product_tag?post=5029"}],"curies":[{"name":"wp","href":"https:\/\/api.w.org\/{rel}","templated":true}]}}