{"id":4834,"date":"2023-11-19T16:10:01","date_gmt":"2023-11-19T15:10:01","guid":{"rendered":"http:\/\/stampcurio.com\/?post_type=product&#038;p=4834"},"modified":"2025-12-05T04:12:01","modified_gmt":"2025-12-05T03:12:01","slug":"1858-ausztria-fekete-3-kr-alul-andraskereszt-vegzodessel-pesth-belyegzes-ferchenbauer-375-eur","status":"publish","type":"product","link":"https:\/\/stampcurio.com\/hu\/termek\/1858-ausztria-fekete-3-kr-alul-andraskereszt-vegzodessel-pesth-belyegzes-ferchenbauer-375-eur\/","title":{"rendered":"1858 Ausztria fekete 3 kr alul andr\u00e1skereszt v\u00e9gz\u0151d\u00e9ssel, PESTH b\u00e9lyegz\u00e9s Ferchenbauer 375+ EUR"},"content":{"rendered":"","protected":false},"excerpt":{"rendered":"","protected":false},"featured_media":11596,"template":"","meta":[],"product_brand":[],"product_cat":[60,73],"product_tag":[1044,116,176],"class_list":{"0":"post-4834","1":"product","2":"type-product","3":"status-publish","4":"has-post-thumbnail","6":"product_cat-ausztria-1st","7":"product_cat-magyarorszag-1st","8":"product_tag-1st-auction-hu","9":"product_tag-belyeg","10":"product_tag-philagem","11":"pa_catalog_id-568","13":"first","14":"instock","15":"sold-individually","16":"shipping-taxable","17":"product-type-simple"},"_links":{"self":[{"href":"https:\/\/stampcurio.com\/hu\/wp-json\/wp\/v2\/product\/4834","targetHints":{"allow":["GET"]}}],"collection":[{"href":"https:\/\/stampcurio.com\/hu\/wp-json\/wp\/v2\/product"}],"about":[{"href":"https:\/\/stampcurio.com\/hu\/wp-json\/wp\/v2\/types\/product"}],"wp:featuredmedia":[{"embeddable":true,"href":"https:\/\/stampcurio.com\/hu\/wp-json\/wp\/v2\/media\/11596"}],"wp:attachment":[{"href":"https:\/\/stampcurio.com\/hu\/wp-json\/wp\/v2\/media?parent=4834"}],"wp:term":[{"taxonomy":"product_brand","embeddable":true,"href":"https:\/\/stampcurio.com\/hu\/wp-json\/wp\/v2\/product_brand?post=4834"},{"taxonomy":"product_cat","embeddable":true,"href":"https:\/\/stampcurio.com\/hu\/wp-json\/wp\/v2\/product_cat?post=4834"},{"taxonomy":"product_tag","embeddable":true,"href":"https:\/\/stampcurio.com\/hu\/wp-json\/wp\/v2\/product_tag?post=4834"}],"curies":[{"name":"wp","href":"https:\/\/api.w.org\/{rel}","templated":true}]}}