{"id":4832,"date":"2023-11-19T15:04:50","date_gmt":"2023-11-19T14:04:50","guid":{"rendered":"http:\/\/stampcurio.com\/?post_type=product&#038;p=4832"},"modified":"2025-12-05T04:12:02","modified_gmt":"2025-12-05T03:12:02","slug":"1868-okmanybelyeg-15-kr-vizszintes-varratvizjellel-lemezhiba","status":"publish","type":"product","link":"https:\/\/stampcurio.com\/hu\/termek\/1868-okmanybelyeg-15-kr-vizszintes-varratvizjellel-lemezhiba\/","title":{"rendered":"1868 okm\u00e1nyb\u00e9lyeg 15 kr v\u00edzszintes varratv\u00edzjellel + lemezhiba"},"content":{"rendered":"","protected":false},"excerpt":{"rendered":"","protected":false},"featured_media":4810,"template":"","meta":[],"product_brand":[],"product_cat":[73],"product_tag":[1044,1008,282,217],"class_list":{"0":"post-4832","1":"product","2":"type-product","3":"status-publish","4":"has-post-thumbnail","6":"product_cat-magyarorszag-1st","7":"product_tag-1st-auction-hu","8":"product_tag-ebay","9":"product_tag-okmanybelyeg","10":"product_tag-tevnyomat","11":"pa_catalog_id-567","13":"first","14":"instock","15":"sold-individually","16":"shipping-taxable","17":"product-type-simple"},"_links":{"self":[{"href":"https:\/\/stampcurio.com\/hu\/wp-json\/wp\/v2\/product\/4832","targetHints":{"allow":["GET"]}}],"collection":[{"href":"https:\/\/stampcurio.com\/hu\/wp-json\/wp\/v2\/product"}],"about":[{"href":"https:\/\/stampcurio.com\/hu\/wp-json\/wp\/v2\/types\/product"}],"wp:featuredmedia":[{"embeddable":true,"href":"https:\/\/stampcurio.com\/hu\/wp-json\/wp\/v2\/media\/4810"}],"wp:attachment":[{"href":"https:\/\/stampcurio.com\/hu\/wp-json\/wp\/v2\/media?parent=4832"}],"wp:term":[{"taxonomy":"product_brand","embeddable":true,"href":"https:\/\/stampcurio.com\/hu\/wp-json\/wp\/v2\/product_brand?post=4832"},{"taxonomy":"product_cat","embeddable":true,"href":"https:\/\/stampcurio.com\/hu\/wp-json\/wp\/v2\/product_cat?post=4832"},{"taxonomy":"product_tag","embeddable":true,"href":"https:\/\/stampcurio.com\/hu\/wp-json\/wp\/v2\/product_tag?post=4832"}],"curies":[{"name":"wp","href":"https:\/\/api.w.org\/{rel}","templated":true}]}}