{"id":4823,"date":"2023-11-19T14:51:56","date_gmt":"2023-11-19T13:51:56","guid":{"rendered":"http:\/\/stampcurio.com\/?post_type=product&#038;p=4823"},"modified":"2025-12-05T04:12:04","modified_gmt":"2025-12-05T03:12:04","slug":"1868-okirati-illetekbelyeg-2-ft-fuggoleges-varratvizjel-teljes-l-betu-vizjel","status":"publish","type":"product","link":"https:\/\/stampcurio.com\/hu\/termek\/1868-okirati-illetekbelyeg-2-ft-fuggoleges-varratvizjel-teljes-l-betu-vizjel\/","title":{"rendered":"1868 okirati illet\u00e9kb\u00e9lyeg 2 Ft f\u00fcgg\u0151leges varratv\u00edzjel + teljes L bet\u0171 v\u00edzjel"},"content":{"rendered":"","protected":false},"excerpt":{"rendered":"","protected":false},"featured_media":4765,"template":"","meta":[],"product_brand":[],"product_cat":[73],"product_tag":[1044,1008,282,217],"class_list":{"0":"post-4823","1":"product","2":"type-product","3":"status-publish","4":"has-post-thumbnail","6":"product_cat-magyarorszag-1st","7":"product_tag-1st-auction-hu","8":"product_tag-ebay","9":"product_tag-okmanybelyeg","10":"product_tag-tevnyomat","11":"pa_catalog_id-562","13":"first","14":"instock","15":"sold-individually","16":"shipping-taxable","17":"product-type-simple"},"_links":{"self":[{"href":"https:\/\/stampcurio.com\/hu\/wp-json\/wp\/v2\/product\/4823","targetHints":{"allow":["GET"]}}],"collection":[{"href":"https:\/\/stampcurio.com\/hu\/wp-json\/wp\/v2\/product"}],"about":[{"href":"https:\/\/stampcurio.com\/hu\/wp-json\/wp\/v2\/types\/product"}],"wp:featuredmedia":[{"embeddable":true,"href":"https:\/\/stampcurio.com\/hu\/wp-json\/wp\/v2\/media\/4765"}],"wp:attachment":[{"href":"https:\/\/stampcurio.com\/hu\/wp-json\/wp\/v2\/media?parent=4823"}],"wp:term":[{"taxonomy":"product_brand","embeddable":true,"href":"https:\/\/stampcurio.com\/hu\/wp-json\/wp\/v2\/product_brand?post=4823"},{"taxonomy":"product_cat","embeddable":true,"href":"https:\/\/stampcurio.com\/hu\/wp-json\/wp\/v2\/product_cat?post=4823"},{"taxonomy":"product_tag","embeddable":true,"href":"https:\/\/stampcurio.com\/hu\/wp-json\/wp\/v2\/product_tag?post=4823"}],"curies":[{"name":"wp","href":"https:\/\/api.w.org\/{rel}","templated":true}]}}