{"id":4821,"date":"2023-11-19T14:46:39","date_gmt":"2023-11-19T13:46:39","guid":{"rendered":"http:\/\/stampcurio.com\/?post_type=product&#038;p=4821"},"modified":"2025-12-05T04:12:04","modified_gmt":"2025-12-05T03:12:04","slug":"1858-okmanybelyeg-12-kr-fuggoleges-varratvizjellel","status":"publish","type":"product","link":"https:\/\/stampcurio.com\/hu\/termek\/1858-okmanybelyeg-12-kr-fuggoleges-varratvizjellel\/","title":{"rendered":"1858 okm\u00e1nyb\u00e9lyeg 12 kr f\u00fcgg\u0151leges varratv\u00edzjellel"},"content":{"rendered":"","protected":false},"excerpt":{"rendered":"","protected":false},"featured_media":4753,"template":"","meta":[],"product_brand":[],"product_cat":[60,73],"product_tag":[1044,1008,282,217],"class_list":{"0":"post-4821","1":"product","2":"type-product","3":"status-publish","4":"has-post-thumbnail","6":"product_cat-ausztria-1st","7":"product_cat-magyarorszag-1st","8":"product_tag-1st-auction-hu","9":"product_tag-ebay","10":"product_tag-okmanybelyeg","11":"product_tag-tevnyomat","12":"pa_catalog_id-561","14":"first","15":"instock","16":"sold-individually","17":"shipping-taxable","18":"product-type-simple"},"_links":{"self":[{"href":"https:\/\/stampcurio.com\/hu\/wp-json\/wp\/v2\/product\/4821","targetHints":{"allow":["GET"]}}],"collection":[{"href":"https:\/\/stampcurio.com\/hu\/wp-json\/wp\/v2\/product"}],"about":[{"href":"https:\/\/stampcurio.com\/hu\/wp-json\/wp\/v2\/types\/product"}],"wp:featuredmedia":[{"embeddable":true,"href":"https:\/\/stampcurio.com\/hu\/wp-json\/wp\/v2\/media\/4753"}],"wp:attachment":[{"href":"https:\/\/stampcurio.com\/hu\/wp-json\/wp\/v2\/media?parent=4821"}],"wp:term":[{"taxonomy":"product_brand","embeddable":true,"href":"https:\/\/stampcurio.com\/hu\/wp-json\/wp\/v2\/product_brand?post=4821"},{"taxonomy":"product_cat","embeddable":true,"href":"https:\/\/stampcurio.com\/hu\/wp-json\/wp\/v2\/product_cat?post=4821"},{"taxonomy":"product_tag","embeddable":true,"href":"https:\/\/stampcurio.com\/hu\/wp-json\/wp\/v2\/product_tag?post=4821"}],"curies":[{"name":"wp","href":"https:\/\/api.w.org\/{rel}","templated":true}]}}