{"id":4737,"date":"2023-11-19T14:43:52","date_gmt":"2023-11-19T13:43:52","guid":{"rendered":"http:\/\/stampcurio.com\/?post_type=product&#038;p=4737"},"modified":"2025-12-05T04:12:04","modified_gmt":"2025-12-05T03:12:04","slug":"1859-ausztria-magyarorszag-alul-felul-fogazatlan-2kr-okmanybelyeg-kivagason","status":"publish","type":"product","link":"https:\/\/stampcurio.com\/hu\/termek\/1859-ausztria-magyarorszag-alul-felul-fogazatlan-2kr-okmanybelyeg-kivagason\/","title":{"rendered":"1859 Ausztria \/ Magyarorsz\u00e1g &#8211; alul-fel\u00fcl fogazatlan 2kr okm\u00e1nyb\u00e9lyeg kiv\u00e1g\u00e1son"},"content":{"rendered":"","protected":false},"excerpt":{"rendered":"","protected":false},"featured_media":4816,"template":"","meta":[],"product_brand":[],"product_cat":[60,73],"product_tag":[1044,282,217],"class_list":{"0":"post-4737","1":"product","2":"type-product","3":"status-publish","4":"has-post-thumbnail","6":"product_cat-ausztria-1st","7":"product_cat-magyarorszag-1st","8":"product_tag-1st-auction-hu","9":"product_tag-okmanybelyeg","10":"product_tag-tevnyomat","11":"pa_catalog_id-560","13":"first","14":"instock","15":"sold-individually","16":"shipping-taxable","17":"product-type-simple"},"_links":{"self":[{"href":"https:\/\/stampcurio.com\/hu\/wp-json\/wp\/v2\/product\/4737","targetHints":{"allow":["GET"]}}],"collection":[{"href":"https:\/\/stampcurio.com\/hu\/wp-json\/wp\/v2\/product"}],"about":[{"href":"https:\/\/stampcurio.com\/hu\/wp-json\/wp\/v2\/types\/product"}],"wp:featuredmedia":[{"embeddable":true,"href":"https:\/\/stampcurio.com\/hu\/wp-json\/wp\/v2\/media\/4816"}],"wp:attachment":[{"href":"https:\/\/stampcurio.com\/hu\/wp-json\/wp\/v2\/media?parent=4737"}],"wp:term":[{"taxonomy":"product_brand","embeddable":true,"href":"https:\/\/stampcurio.com\/hu\/wp-json\/wp\/v2\/product_brand?post=4737"},{"taxonomy":"product_cat","embeddable":true,"href":"https:\/\/stampcurio.com\/hu\/wp-json\/wp\/v2\/product_cat?post=4737"},{"taxonomy":"product_tag","embeddable":true,"href":"https:\/\/stampcurio.com\/hu\/wp-json\/wp\/v2\/product_tag?post=4737"}],"curies":[{"name":"wp","href":"https:\/\/api.w.org\/{rel}","templated":true}]}}