{"id":4731,"date":"2023-11-19T13:56:28","date_gmt":"2023-11-19T12:56:28","guid":{"rendered":"http:\/\/stampcurio.com\/?post_type=product&#038;p=4731"},"modified":"2025-12-05T04:12:06","modified_gmt":"2025-12-05T03:12:06","slug":"1953-udulok-30f-negyes-tomb-aa-vizjelallas-16-pont","status":"publish","type":"product","link":"https:\/\/stampcurio.com\/hu\/termek\/1953-udulok-30f-negyes-tomb-aa-vizjelallas-16-pont\/","title":{"rendered":"1953 \u00dcd\u00fcl\u0151k 30f n\u00e9gyes t\u00f6mb Aa v\u00edzjel\u00e1ll\u00e1s 16 pont"},"content":{"rendered":"","protected":false},"excerpt":{"rendered":"","protected":false},"featured_media":4711,"template":"","meta":[],"product_brand":[],"product_cat":[73],"product_tag":[1044,116,1008],"class_list":{"0":"post-4731","1":"product","2":"type-product","3":"status-publish","4":"has-post-thumbnail","6":"product_cat-magyarorszag-1st","7":"product_tag-1st-auction-hu","8":"product_tag-belyeg","9":"product_tag-ebay","10":"pa_catalog_id-558","12":"first","13":"instock","14":"sold-individually","15":"shipping-taxable","16":"product-type-simple"},"_links":{"self":[{"href":"https:\/\/stampcurio.com\/hu\/wp-json\/wp\/v2\/product\/4731","targetHints":{"allow":["GET"]}}],"collection":[{"href":"https:\/\/stampcurio.com\/hu\/wp-json\/wp\/v2\/product"}],"about":[{"href":"https:\/\/stampcurio.com\/hu\/wp-json\/wp\/v2\/types\/product"}],"wp:featuredmedia":[{"embeddable":true,"href":"https:\/\/stampcurio.com\/hu\/wp-json\/wp\/v2\/media\/4711"}],"wp:attachment":[{"href":"https:\/\/stampcurio.com\/hu\/wp-json\/wp\/v2\/media?parent=4731"}],"wp:term":[{"taxonomy":"product_brand","embeddable":true,"href":"https:\/\/stampcurio.com\/hu\/wp-json\/wp\/v2\/product_brand?post=4731"},{"taxonomy":"product_cat","embeddable":true,"href":"https:\/\/stampcurio.com\/hu\/wp-json\/wp\/v2\/product_cat?post=4731"},{"taxonomy":"product_tag","embeddable":true,"href":"https:\/\/stampcurio.com\/hu\/wp-json\/wp\/v2\/product_tag?post=4731"}],"curies":[{"name":"wp","href":"https:\/\/api.w.org\/{rel}","templated":true}]}}