{"id":4728,"date":"2023-11-19T13:47:49","date_gmt":"2023-11-19T12:47:49","guid":{"rendered":"http:\/\/stampcurio.com\/?post_type=product&#038;p=4728"},"modified":"2025-12-05T04:12:06","modified_gmt":"2025-12-05T03:12:06","slug":"1950-upu-3-ft-postatiszta-negyestomb-szamvizjellel-aa-szamvizjel-allassal-phu-86-000-ft","status":"publish","type":"product","link":"https:\/\/stampcurio.com\/hu\/termek\/1950-upu-3-ft-postatiszta-negyestomb-szamvizjellel-aa-szamvizjel-allassal-phu-86-000-ft\/","title":{"rendered":"1950 UPU 3 Ft postatiszta ** n\u00e9gyest\u00f6mb sz\u00e1mv\u00edzjellel Aa sz\u00e1mv\u00edzjel \u00e1ll\u00e1ssal Phu 86.000 Ft"},"content":{"rendered":"","protected":false},"excerpt":{"rendered":"","protected":false},"featured_media":4698,"template":"","meta":[],"product_brand":[],"product_cat":[73],"product_tag":[1044,116,115],"class_list":{"0":"post-4728","1":"product","2":"type-product","3":"status-publish","4":"has-post-thumbnail","6":"product_cat-magyarorszag-1st","7":"product_tag-1st-auction-hu","8":"product_tag-belyeg","9":"product_tag-legiposta","10":"pa_catalog_id-557","12":"first","13":"instock","14":"sold-individually","15":"shipping-taxable","16":"product-type-simple"},"_links":{"self":[{"href":"https:\/\/stampcurio.com\/hu\/wp-json\/wp\/v2\/product\/4728","targetHints":{"allow":["GET"]}}],"collection":[{"href":"https:\/\/stampcurio.com\/hu\/wp-json\/wp\/v2\/product"}],"about":[{"href":"https:\/\/stampcurio.com\/hu\/wp-json\/wp\/v2\/types\/product"}],"wp:featuredmedia":[{"embeddable":true,"href":"https:\/\/stampcurio.com\/hu\/wp-json\/wp\/v2\/media\/4698"}],"wp:attachment":[{"href":"https:\/\/stampcurio.com\/hu\/wp-json\/wp\/v2\/media?parent=4728"}],"wp:term":[{"taxonomy":"product_brand","embeddable":true,"href":"https:\/\/stampcurio.com\/hu\/wp-json\/wp\/v2\/product_brand?post=4728"},{"taxonomy":"product_cat","embeddable":true,"href":"https:\/\/stampcurio.com\/hu\/wp-json\/wp\/v2\/product_cat?post=4728"},{"taxonomy":"product_tag","embeddable":true,"href":"https:\/\/stampcurio.com\/hu\/wp-json\/wp\/v2\/product_tag?post=4728"}],"curies":[{"name":"wp","href":"https:\/\/api.w.org\/{rel}","templated":true}]}}