{"id":4725,"date":"2023-11-19T13:34:55","date_gmt":"2023-11-19T12:34:55","guid":{"rendered":"http:\/\/stampcurio.com\/?post_type=product&#038;p=4725"},"modified":"2025-12-05T04:12:06","modified_gmt":"2025-12-05T03:12:06","slug":"1950-szamvizjeles-belyegek-mbk-115-pont","status":"publish","type":"product","link":"https:\/\/stampcurio.com\/hu\/termek\/1950-szamvizjeles-belyegek-mbk-115-pont\/","title":{"rendered":"~1950 sz\u00e1mv\u00edzjeles b\u00e9lyegek MBK 115 pont"},"content":{"rendered":"","protected":false},"excerpt":{"rendered":"<p>P\u00e1rizsi komm\u00fcn Bb v\u00edzjel \u00e1ll\u00e1s &#8211; 20 pont<br \/>\nMagyar szovjet bar\u00e1ts\u00e1g Bc v\u00edzjel \u00e1ll\u00e1s &#8211; 10 pont<br \/>\n\u00d6t\u00e9ves terv eredm\u00e9nyei 30f Aa v\u00edzjel \u00e1ll\u00e1s &#8211; 10 pont<br \/>\n\u00d6t\u00e9ves terv eredm\u00e9nyei 60f Aa v\u00edzjel \u00e1ll\u00e1s &#8211; 15 pont<br \/>\nBarnaport\u00f3 Ad v\u00edzjel \u00e1ll\u00e1s &#8211; 20 pont<br \/>\nM\u00e1jus 1. 1Ft Bc v\u00edzjel \u00e1ll\u00e1s &#8211; 40 pont<\/p>\n","protected":false},"featured_media":11536,"template":"","meta":[],"product_brand":[],"product_cat":[73],"product_tag":[1044,116,1008,108],"class_list":{"0":"post-4725","1":"product","2":"type-product","3":"status-publish","4":"has-post-thumbnail","6":"product_cat-magyarorszag-1st","7":"product_tag-1st-auction-hu","8":"product_tag-belyeg","9":"product_tag-ebay","10":"product_tag-porto","11":"pa_catalog_id-556","13":"first","14":"instock","15":"sold-individually","16":"shipping-taxable","17":"product-type-simple"},"_links":{"self":[{"href":"https:\/\/stampcurio.com\/hu\/wp-json\/wp\/v2\/product\/4725","targetHints":{"allow":["GET"]}}],"collection":[{"href":"https:\/\/stampcurio.com\/hu\/wp-json\/wp\/v2\/product"}],"about":[{"href":"https:\/\/stampcurio.com\/hu\/wp-json\/wp\/v2\/types\/product"}],"wp:featuredmedia":[{"embeddable":true,"href":"https:\/\/stampcurio.com\/hu\/wp-json\/wp\/v2\/media\/11536"}],"wp:attachment":[{"href":"https:\/\/stampcurio.com\/hu\/wp-json\/wp\/v2\/media?parent=4725"}],"wp:term":[{"taxonomy":"product_brand","embeddable":true,"href":"https:\/\/stampcurio.com\/hu\/wp-json\/wp\/v2\/product_brand?post=4725"},{"taxonomy":"product_cat","embeddable":true,"href":"https:\/\/stampcurio.com\/hu\/wp-json\/wp\/v2\/product_cat?post=4725"},{"taxonomy":"product_tag","embeddable":true,"href":"https:\/\/stampcurio.com\/hu\/wp-json\/wp\/v2\/product_tag?post=4725"}],"curies":[{"name":"wp","href":"https:\/\/api.w.org\/{rel}","templated":true}]}}