{"id":4655,"date":"2023-11-19T12:37:15","date_gmt":"2023-11-19T11:37:15","guid":{"rendered":"http:\/\/stampcurio.com\/?post_type=product&#038;p=4655"},"modified":"2025-12-05T04:12:08","modified_gmt":"2025-12-05T03:12:08","slug":"1951-epuletek-1ft-a-rakelkes-rezgese-miatt-kialakult-tevnyomat-mbk-100-120-pont","status":"publish","type":"product","link":"https:\/\/stampcurio.com\/hu\/termek\/1951-epuletek-1ft-a-rakelkes-rezgese-miatt-kialakult-tevnyomat-mbk-100-120-pont\/","title":{"rendered":"1951 \u00c9p\u00fcletek 1Ft a r\u00e1kelk\u00e9s rezg\u00e9se miatt kialakult t\u00e9vnyomat MBK 100-120 pont"},"content":{"rendered":"","protected":false},"excerpt":{"rendered":"","protected":false},"featured_media":11549,"template":"","meta":[],"product_brand":[],"product_cat":[73],"product_tag":[1044,116,217],"class_list":{"0":"post-4655","1":"product","2":"type-product","3":"status-publish","4":"has-post-thumbnail","6":"product_cat-magyarorszag-1st","7":"product_tag-1st-auction-hu","8":"product_tag-belyeg","9":"product_tag-tevnyomat","10":"pa_catalog_id-552","12":"first","13":"instock","14":"sold-individually","15":"shipping-taxable","16":"product-type-simple"},"_links":{"self":[{"href":"https:\/\/stampcurio.com\/hu\/wp-json\/wp\/v2\/product\/4655","targetHints":{"allow":["GET"]}}],"collection":[{"href":"https:\/\/stampcurio.com\/hu\/wp-json\/wp\/v2\/product"}],"about":[{"href":"https:\/\/stampcurio.com\/hu\/wp-json\/wp\/v2\/types\/product"}],"wp:featuredmedia":[{"embeddable":true,"href":"https:\/\/stampcurio.com\/hu\/wp-json\/wp\/v2\/media\/11549"}],"wp:attachment":[{"href":"https:\/\/stampcurio.com\/hu\/wp-json\/wp\/v2\/media?parent=4655"}],"wp:term":[{"taxonomy":"product_brand","embeddable":true,"href":"https:\/\/stampcurio.com\/hu\/wp-json\/wp\/v2\/product_brand?post=4655"},{"taxonomy":"product_cat","embeddable":true,"href":"https:\/\/stampcurio.com\/hu\/wp-json\/wp\/v2\/product_cat?post=4655"},{"taxonomy":"product_tag","embeddable":true,"href":"https:\/\/stampcurio.com\/hu\/wp-json\/wp\/v2\/product_tag?post=4655"}],"curies":[{"name":"wp","href":"https:\/\/api.w.org\/{rel}","templated":true}]}}