{"id":4651,"date":"2023-11-19T12:28:02","date_gmt":"2023-11-19T11:28:02","guid":{"rendered":"http:\/\/stampcurio.com\/?post_type=product&#038;p=4651"},"modified":"2025-12-05T04:12:08","modified_gmt":"2025-12-05T03:12:08","slug":"1977-repulo-viii-sorozat-2-es-10-ft-cimletei-jelentos-nyomashibakal-10-ft-erteken-folt-az-s-alatt-nyomashiba","status":"publish","type":"product","link":"https:\/\/stampcurio.com\/hu\/termek\/1977-repulo-viii-sorozat-2-es-10-ft-cimletei-jelentos-nyomashibakal-10-ft-erteken-folt-az-s-alatt-nyomashiba\/","title":{"rendered":"1977 Rep\u00fcl\u0151 VIII. sorozat 2 \u00e9s 10 Ft c\u00edmletei jelent\u0151s nyom\u00e1shib\u00e1kal + 10 Ft \u00e9rt\u00e9ken folt az S alatt nyom\u00e1shiba"},"content":{"rendered":"","protected":false},"excerpt":{"rendered":"","protected":false},"featured_media":4628,"template":"","meta":[],"product_brand":[],"product_cat":[73],"product_tag":[1044,116,1008,115,217],"class_list":{"0":"post-4651","1":"product","2":"type-product","3":"status-publish","4":"has-post-thumbnail","6":"product_cat-magyarorszag-1st","7":"product_tag-1st-auction-hu","8":"product_tag-belyeg","9":"product_tag-ebay","10":"product_tag-legiposta","11":"product_tag-tevnyomat","12":"pa_catalog_id-551","14":"first","15":"instock","16":"sold-individually","17":"shipping-taxable","18":"product-type-simple"},"_links":{"self":[{"href":"https:\/\/stampcurio.com\/hu\/wp-json\/wp\/v2\/product\/4651","targetHints":{"allow":["GET"]}}],"collection":[{"href":"https:\/\/stampcurio.com\/hu\/wp-json\/wp\/v2\/product"}],"about":[{"href":"https:\/\/stampcurio.com\/hu\/wp-json\/wp\/v2\/types\/product"}],"wp:featuredmedia":[{"embeddable":true,"href":"https:\/\/stampcurio.com\/hu\/wp-json\/wp\/v2\/media\/4628"}],"wp:attachment":[{"href":"https:\/\/stampcurio.com\/hu\/wp-json\/wp\/v2\/media?parent=4651"}],"wp:term":[{"taxonomy":"product_brand","embeddable":true,"href":"https:\/\/stampcurio.com\/hu\/wp-json\/wp\/v2\/product_brand?post=4651"},{"taxonomy":"product_cat","embeddable":true,"href":"https:\/\/stampcurio.com\/hu\/wp-json\/wp\/v2\/product_cat?post=4651"},{"taxonomy":"product_tag","embeddable":true,"href":"https:\/\/stampcurio.com\/hu\/wp-json\/wp\/v2\/product_tag?post=4651"}],"curies":[{"name":"wp","href":"https:\/\/api.w.org\/{rel}","templated":true}]}}