{"id":4646,"date":"2023-11-19T12:21:06","date_gmt":"2023-11-19T11:21:06","guid":{"rendered":"http:\/\/stampcurio.com\/?post_type=product&#038;p=4646"},"modified":"2025-12-05T04:12:09","modified_gmt":"2025-12-05T03:12:09","slug":"1964-erzsebet-hid-vagott-blokk-postatiszta-phu-20-000-ft","status":"publish","type":"product","link":"https:\/\/stampcurio.com\/hu\/termek\/1964-erzsebet-hid-vagott-blokk-postatiszta-phu-20-000-ft\/","title":{"rendered":"1964 Erzs\u00e9bet h\u00edd v\u00e1gott blokk, postatiszta ** PHu 20 000 Ft"},"content":{"rendered":"","protected":false},"excerpt":{"rendered":"","protected":false},"featured_media":11473,"template":"","meta":[],"product_brand":[],"product_cat":[73],"product_tag":[1044,116,115],"class_list":{"0":"post-4646","1":"product","2":"type-product","3":"status-publish","4":"has-post-thumbnail","6":"product_cat-magyarorszag-1st","7":"product_tag-1st-auction-hu","8":"product_tag-belyeg","9":"product_tag-legiposta","10":"pa_catalog_id-549","12":"first","13":"instock","14":"sold-individually","15":"shipping-taxable","16":"product-type-simple"},"_links":{"self":[{"href":"https:\/\/stampcurio.com\/hu\/wp-json\/wp\/v2\/product\/4646","targetHints":{"allow":["GET"]}}],"collection":[{"href":"https:\/\/stampcurio.com\/hu\/wp-json\/wp\/v2\/product"}],"about":[{"href":"https:\/\/stampcurio.com\/hu\/wp-json\/wp\/v2\/types\/product"}],"wp:featuredmedia":[{"embeddable":true,"href":"https:\/\/stampcurio.com\/hu\/wp-json\/wp\/v2\/media\/11473"}],"wp:attachment":[{"href":"https:\/\/stampcurio.com\/hu\/wp-json\/wp\/v2\/media?parent=4646"}],"wp:term":[{"taxonomy":"product_brand","embeddable":true,"href":"https:\/\/stampcurio.com\/hu\/wp-json\/wp\/v2\/product_brand?post=4646"},{"taxonomy":"product_cat","embeddable":true,"href":"https:\/\/stampcurio.com\/hu\/wp-json\/wp\/v2\/product_cat?post=4646"},{"taxonomy":"product_tag","embeddable":true,"href":"https:\/\/stampcurio.com\/hu\/wp-json\/wp\/v2\/product_tag?post=4646"}],"curies":[{"name":"wp","href":"https:\/\/api.w.org\/{rel}","templated":true}]}}