{"id":4645,"date":"2023-11-19T12:18:09","date_gmt":"2023-11-19T11:18:09","guid":{"rendered":"http:\/\/stampcurio.com\/?post_type=product&#038;p=4645"},"modified":"2025-12-05T04:12:09","modified_gmt":"2025-12-05T03:12:09","slug":"1958-televizio-jobb-oldalt-ures-mezovel-12-s-sorfogazassal-postatiszta-phu-10-000-ft","status":"publish","type":"product","link":"https:\/\/stampcurio.com\/hu\/termek\/1958-televizio-jobb-oldalt-ures-mezovel-12-s-sorfogazassal-postatiszta-phu-10-000-ft\/","title":{"rendered":"1958 Telev\u00edzi\u00f3 jobb oldalt \u00fcres mez\u0151vel 12-s sorfogaz\u00e1ssal postatiszta ** PHu 10 000 Ft"},"content":{"rendered":"","protected":false},"excerpt":{"rendered":"","protected":false},"featured_media":11470,"template":"","meta":[],"product_brand":[],"product_cat":[73],"product_tag":[1044,116],"class_list":{"0":"post-4645","1":"product","2":"type-product","3":"status-publish","4":"has-post-thumbnail","6":"product_cat-magyarorszag-1st","7":"product_tag-1st-auction-hu","8":"product_tag-belyeg","9":"pa_catalog_id-548","11":"first","12":"instock","13":"sold-individually","14":"shipping-taxable","15":"product-type-simple"},"_links":{"self":[{"href":"https:\/\/stampcurio.com\/hu\/wp-json\/wp\/v2\/product\/4645","targetHints":{"allow":["GET"]}}],"collection":[{"href":"https:\/\/stampcurio.com\/hu\/wp-json\/wp\/v2\/product"}],"about":[{"href":"https:\/\/stampcurio.com\/hu\/wp-json\/wp\/v2\/types\/product"}],"wp:featuredmedia":[{"embeddable":true,"href":"https:\/\/stampcurio.com\/hu\/wp-json\/wp\/v2\/media\/11470"}],"wp:attachment":[{"href":"https:\/\/stampcurio.com\/hu\/wp-json\/wp\/v2\/media?parent=4645"}],"wp:term":[{"taxonomy":"product_brand","embeddable":true,"href":"https:\/\/stampcurio.com\/hu\/wp-json\/wp\/v2\/product_brand?post=4645"},{"taxonomy":"product_cat","embeddable":true,"href":"https:\/\/stampcurio.com\/hu\/wp-json\/wp\/v2\/product_cat?post=4645"},{"taxonomy":"product_tag","embeddable":true,"href":"https:\/\/stampcurio.com\/hu\/wp-json\/wp\/v2\/product_tag?post=4645"}],"curies":[{"name":"wp","href":"https:\/\/api.w.org\/{rel}","templated":true}]}}