{"id":4643,"date":"2023-11-19T12:13:02","date_gmt":"2023-11-19T11:13:02","guid":{"rendered":"http:\/\/stampcurio.com\/?post_type=product&#038;p=4643"},"modified":"2025-12-05T04:12:10","modified_gmt":"2025-12-05T03:12:10","slug":"1972-automata-belyegek-az-elso-kiadas-teljes-sorozat-postatiszta-hetes-csikokban-phu-11-000-ft","status":"publish","type":"product","link":"https:\/\/stampcurio.com\/hu\/termek\/1972-automata-belyegek-az-elso-kiadas-teljes-sorozat-postatiszta-hetes-csikokban-phu-11-000-ft\/","title":{"rendered":"1972 automata b\u00e9lyegek, az els\u0151 kiad\u00e1s, teljes sorozat postatiszta ** hetes cs\u00edkokban PHu 11.000 Ft"},"content":{"rendered":"","protected":false},"excerpt":{"rendered":"","protected":false},"featured_media":11476,"template":"","meta":[],"product_brand":[],"product_cat":[73],"product_tag":[1044,116],"class_list":{"0":"post-4643","1":"product","2":"type-product","3":"status-publish","4":"has-post-thumbnail","6":"product_cat-magyarorszag-1st","7":"product_tag-1st-auction-hu","8":"product_tag-belyeg","9":"pa_catalog_id-547","11":"first","12":"instock","13":"sold-individually","14":"shipping-taxable","15":"product-type-simple"},"_links":{"self":[{"href":"https:\/\/stampcurio.com\/hu\/wp-json\/wp\/v2\/product\/4643","targetHints":{"allow":["GET"]}}],"collection":[{"href":"https:\/\/stampcurio.com\/hu\/wp-json\/wp\/v2\/product"}],"about":[{"href":"https:\/\/stampcurio.com\/hu\/wp-json\/wp\/v2\/types\/product"}],"wp:featuredmedia":[{"embeddable":true,"href":"https:\/\/stampcurio.com\/hu\/wp-json\/wp\/v2\/media\/11476"}],"wp:attachment":[{"href":"https:\/\/stampcurio.com\/hu\/wp-json\/wp\/v2\/media?parent=4643"}],"wp:term":[{"taxonomy":"product_brand","embeddable":true,"href":"https:\/\/stampcurio.com\/hu\/wp-json\/wp\/v2\/product_brand?post=4643"},{"taxonomy":"product_cat","embeddable":true,"href":"https:\/\/stampcurio.com\/hu\/wp-json\/wp\/v2\/product_cat?post=4643"},{"taxonomy":"product_tag","embeddable":true,"href":"https:\/\/stampcurio.com\/hu\/wp-json\/wp\/v2\/product_tag?post=4643"}],"curies":[{"name":"wp","href":"https:\/\/api.w.org\/{rel}","templated":true}]}}