{"id":4641,"date":"2023-11-19T12:08:57","date_gmt":"2023-11-19T11:08:57","guid":{"rendered":"http:\/\/stampcurio.com\/?post_type=product&#038;p=4641"},"modified":"2025-12-05T04:12:10","modified_gmt":"2025-12-05T03:12:10","slug":"1945-szoveges-nyomtatv-20g-60f-8f-az-alapbelyegen-forditott-60f-felulnyomas-phu-50-000-ft","status":"publish","type":"product","link":"https:\/\/stampcurio.com\/hu\/termek\/1945-szoveges-nyomtatv-20g-60f-8f-az-alapbelyegen-forditott-60f-felulnyomas-phu-50-000-ft\/","title":{"rendered":"1945 SZ\u00d6VEGES Nyomtatv. 20g \/ 60f \/ 8f &#8211; az alapb\u00e9lyegen ford\u00edtott 60f fel\u00fclnyom\u00e1s Phu 50 000 Ft"},"content":{"rendered":"","protected":false},"excerpt":{"rendered":"<p>Sokkal ritk\u00e1bb b\u00e9lyeg, mint a ford\u00edtott Nyomtatv. 20g fel\u00fclnyom\u00e1s\u00fa.<\/p>\n","protected":false},"featured_media":11479,"template":"","meta":[],"product_brand":[],"product_cat":[73],"product_tag":[1044,116,217],"class_list":{"0":"post-4641","1":"product","2":"type-product","3":"status-publish","4":"has-post-thumbnail","6":"product_cat-magyarorszag-1st","7":"product_tag-1st-auction-hu","8":"product_tag-belyeg","9":"product_tag-tevnyomat","10":"pa_catalog_id-546","12":"first","13":"instock","14":"sold-individually","15":"shipping-taxable","16":"product-type-simple"},"_links":{"self":[{"href":"https:\/\/stampcurio.com\/hu\/wp-json\/wp\/v2\/product\/4641","targetHints":{"allow":["GET"]}}],"collection":[{"href":"https:\/\/stampcurio.com\/hu\/wp-json\/wp\/v2\/product"}],"about":[{"href":"https:\/\/stampcurio.com\/hu\/wp-json\/wp\/v2\/types\/product"}],"wp:featuredmedia":[{"embeddable":true,"href":"https:\/\/stampcurio.com\/hu\/wp-json\/wp\/v2\/media\/11479"}],"wp:attachment":[{"href":"https:\/\/stampcurio.com\/hu\/wp-json\/wp\/v2\/media?parent=4641"}],"wp:term":[{"taxonomy":"product_brand","embeddable":true,"href":"https:\/\/stampcurio.com\/hu\/wp-json\/wp\/v2\/product_brand?post=4641"},{"taxonomy":"product_cat","embeddable":true,"href":"https:\/\/stampcurio.com\/hu\/wp-json\/wp\/v2\/product_cat?post=4641"},{"taxonomy":"product_tag","embeddable":true,"href":"https:\/\/stampcurio.com\/hu\/wp-json\/wp\/v2\/product_tag?post=4641"}],"curies":[{"name":"wp","href":"https:\/\/api.w.org\/{rel}","templated":true}]}}