{"id":4635,"date":"2023-11-19T11:58:20","date_gmt":"2023-11-19T10:58:20","guid":{"rendered":"http:\/\/stampcurio.com\/?post_type=product&#038;p=4635"},"modified":"2025-12-05T04:12:11","modified_gmt":"2025-12-05T03:12:11","slug":"1962-belyegnap-negyescsik-probanyomat-a-hatoldalon-a-keret-probanyomataval","status":"publish","type":"product","link":"https:\/\/stampcurio.com\/hu\/termek\/1962-belyegnap-negyescsik-probanyomat-a-hatoldalon-a-keret-probanyomataval\/","title":{"rendered":"1962 B\u00e9lyegnap n\u00e9gyescs\u00edk pr\u00f3banyomat a h\u00e1toldalon a keret pr\u00f3banyomat\u00e1val"},"content":{"rendered":"","protected":false},"excerpt":{"rendered":"","protected":false},"featured_media":11523,"template":"","meta":[],"product_brand":[],"product_cat":[73],"product_tag":[1044,116,390],"class_list":{"0":"post-4635","1":"product","2":"type-product","3":"status-publish","4":"has-post-thumbnail","6":"product_cat-magyarorszag-1st","7":"product_tag-1st-auction-hu","8":"product_tag-belyeg","9":"product_tag-probanyomat","10":"pa_catalog_id-543","12":"first","13":"instock","14":"sold-individually","15":"shipping-taxable","16":"product-type-simple"},"_links":{"self":[{"href":"https:\/\/stampcurio.com\/hu\/wp-json\/wp\/v2\/product\/4635","targetHints":{"allow":["GET"]}}],"collection":[{"href":"https:\/\/stampcurio.com\/hu\/wp-json\/wp\/v2\/product"}],"about":[{"href":"https:\/\/stampcurio.com\/hu\/wp-json\/wp\/v2\/types\/product"}],"wp:featuredmedia":[{"embeddable":true,"href":"https:\/\/stampcurio.com\/hu\/wp-json\/wp\/v2\/media\/11523"}],"wp:attachment":[{"href":"https:\/\/stampcurio.com\/hu\/wp-json\/wp\/v2\/media?parent=4635"}],"wp:term":[{"taxonomy":"product_brand","embeddable":true,"href":"https:\/\/stampcurio.com\/hu\/wp-json\/wp\/v2\/product_brand?post=4635"},{"taxonomy":"product_cat","embeddable":true,"href":"https:\/\/stampcurio.com\/hu\/wp-json\/wp\/v2\/product_cat?post=4635"},{"taxonomy":"product_tag","embeddable":true,"href":"https:\/\/stampcurio.com\/hu\/wp-json\/wp\/v2\/product_tag?post=4635"}],"curies":[{"name":"wp","href":"https:\/\/api.w.org\/{rel}","templated":true}]}}