{"id":4561,"date":"2023-11-19T11:24:21","date_gmt":"2023-11-19T10:24:21","guid":{"rendered":"http:\/\/stampcurio.com\/?post_type=product&#038;p=4561"},"modified":"2025-12-05T04:12:12","modified_gmt":"2025-12-05T03:12:12","slug":"1945-kisegito-belyeg-10f-4f-postatiszta-hatostomb-forditott-felulnyomassal-phu-30-000-ft","status":"publish","type":"product","link":"https:\/\/stampcurio.com\/hu\/termek\/1945-kisegito-belyeg-10f-4f-postatiszta-hatostomb-forditott-felulnyomassal-phu-30-000-ft\/","title":{"rendered":"1945. Kiseg\u00edt\u0151 b\u00e9lyeg 10f\/4f postatiszta ** hatost\u00f6mb &#8211; FORD\u00cdTOTT fel\u00fclnyom\u00e1ssal PHu: 30 000+ Ft"},"content":{"rendered":"","protected":false},"excerpt":{"rendered":"","protected":false},"featured_media":11488,"template":"","meta":[],"product_brand":[],"product_cat":[73],"product_tag":[1044,116,1008,217],"class_list":{"0":"post-4561","1":"product","2":"type-product","3":"status-publish","4":"has-post-thumbnail","6":"product_cat-magyarorszag-1st","7":"product_tag-1st-auction-hu","8":"product_tag-belyeg","9":"product_tag-ebay","10":"product_tag-tevnyomat","11":"pa_catalog_id-542","13":"first","14":"instock","15":"sold-individually","16":"shipping-taxable","17":"product-type-simple"},"_links":{"self":[{"href":"https:\/\/stampcurio.com\/hu\/wp-json\/wp\/v2\/product\/4561","targetHints":{"allow":["GET"]}}],"collection":[{"href":"https:\/\/stampcurio.com\/hu\/wp-json\/wp\/v2\/product"}],"about":[{"href":"https:\/\/stampcurio.com\/hu\/wp-json\/wp\/v2\/types\/product"}],"wp:featuredmedia":[{"embeddable":true,"href":"https:\/\/stampcurio.com\/hu\/wp-json\/wp\/v2\/media\/11488"}],"wp:attachment":[{"href":"https:\/\/stampcurio.com\/hu\/wp-json\/wp\/v2\/media?parent=4561"}],"wp:term":[{"taxonomy":"product_brand","embeddable":true,"href":"https:\/\/stampcurio.com\/hu\/wp-json\/wp\/v2\/product_brand?post=4561"},{"taxonomy":"product_cat","embeddable":true,"href":"https:\/\/stampcurio.com\/hu\/wp-json\/wp\/v2\/product_cat?post=4561"},{"taxonomy":"product_tag","embeddable":true,"href":"https:\/\/stampcurio.com\/hu\/wp-json\/wp\/v2\/product_tag?post=4561"}],"curies":[{"name":"wp","href":"https:\/\/api.w.org\/{rel}","templated":true}]}}