{"id":4559,"date":"2023-11-19T11:16:52","date_gmt":"2023-11-19T10:16:52","guid":{"rendered":"http:\/\/stampcurio.com\/?post_type=product&#038;p=4559"},"modified":"2025-12-05T04:12:12","modified_gmt":"2025-12-05T03:12:12","slug":"1973-kepes-porto-pecsetelt-20f-ertekszam-nelkul-tampeldany","status":"publish","type":"product","link":"https:\/\/stampcurio.com\/hu\/termek\/1973-kepes-porto-pecsetelt-20f-ertekszam-nelkul-tampeldany\/","title":{"rendered":"1973 K\u00e9pes port\u00f3 pecs\u00e9telt 20f \u00e9rt\u00e9ksz\u00e1m n\u00e9lk\u00fcl + t\u00e1mp\u00e9ld\u00e1ny"},"content":{"rendered":"","protected":false},"excerpt":{"rendered":"","protected":false},"featured_media":11491,"template":"","meta":[],"product_brand":[],"product_cat":[73],"product_tag":[1044,116,176,108,217],"class_list":{"0":"post-4559","1":"product","2":"type-product","3":"status-publish","4":"has-post-thumbnail","6":"product_cat-magyarorszag-1st","7":"product_tag-1st-auction-hu","8":"product_tag-belyeg","9":"product_tag-philagem","10":"product_tag-porto","11":"product_tag-tevnyomat","12":"pa_catalog_id-541","14":"first","15":"instock","16":"sold-individually","17":"shipping-taxable","18":"product-type-simple"},"_links":{"self":[{"href":"https:\/\/stampcurio.com\/hu\/wp-json\/wp\/v2\/product\/4559","targetHints":{"allow":["GET"]}}],"collection":[{"href":"https:\/\/stampcurio.com\/hu\/wp-json\/wp\/v2\/product"}],"about":[{"href":"https:\/\/stampcurio.com\/hu\/wp-json\/wp\/v2\/types\/product"}],"wp:featuredmedia":[{"embeddable":true,"href":"https:\/\/stampcurio.com\/hu\/wp-json\/wp\/v2\/media\/11491"}],"wp:attachment":[{"href":"https:\/\/stampcurio.com\/hu\/wp-json\/wp\/v2\/media?parent=4559"}],"wp:term":[{"taxonomy":"product_brand","embeddable":true,"href":"https:\/\/stampcurio.com\/hu\/wp-json\/wp\/v2\/product_brand?post=4559"},{"taxonomy":"product_cat","embeddable":true,"href":"https:\/\/stampcurio.com\/hu\/wp-json\/wp\/v2\/product_cat?post=4559"},{"taxonomy":"product_tag","embeddable":true,"href":"https:\/\/stampcurio.com\/hu\/wp-json\/wp\/v2\/product_tag?post=4559"}],"curies":[{"name":"wp","href":"https:\/\/api.w.org\/{rel}","templated":true}]}}