{"id":4550,"date":"2023-11-19T11:10:21","date_gmt":"2023-11-19T10:10:21","guid":{"rendered":"http:\/\/stampcurio.com\/?post_type=product&#038;p=4550"},"modified":"2025-12-05T04:12:13","modified_gmt":"2025-12-05T03:12:13","slug":"1955-meghatalmazas-ervenyes-postatiszta-par","status":"publish","type":"product","link":"https:\/\/stampcurio.com\/hu\/termek\/1955-meghatalmazas-ervenyes-postatiszta-par\/","title":{"rendered":"1955 Meghatalmaz\u00e1s + \u00c9rv\u00e9nyes POSTATISZTA (!) * p\u00e1r"},"content":{"rendered":"","protected":false},"excerpt":{"rendered":"<p>Rendk\u00edv\u00fcli ritkas\u00e1g az eredeti enyvez\u00e9ssel fennmaradt, tekintettel arra hogy a meghatalmaz\u00e1s b\u00e9lyegeket nem \u00e1rus\u00edtott\u00e1k csak belkezel\u00e9sben haszn\u00e1lt\u00e1k!<br \/>\nAz enyvez\u00e9s n\u00e9lk\u00fcli haszn\u00e1latlan b\u00e9lyegek \u00e9rt\u00e9ke viszont csek\u00e9ly.<\/p>\n","protected":false},"featured_media":11503,"template":"","meta":[],"product_brand":[],"product_cat":[73],"product_tag":[1044,116,1008,176],"class_list":{"0":"post-4550","1":"product","2":"type-product","3":"status-publish","4":"has-post-thumbnail","6":"product_cat-magyarorszag-1st","7":"product_tag-1st-auction-hu","8":"product_tag-belyeg","9":"product_tag-ebay","10":"product_tag-philagem","11":"pa_catalog_id-538","13":"first","14":"instock","15":"sold-individually","16":"shipping-taxable","17":"product-type-simple"},"_links":{"self":[{"href":"https:\/\/stampcurio.com\/hu\/wp-json\/wp\/v2\/product\/4550","targetHints":{"allow":["GET"]}}],"collection":[{"href":"https:\/\/stampcurio.com\/hu\/wp-json\/wp\/v2\/product"}],"about":[{"href":"https:\/\/stampcurio.com\/hu\/wp-json\/wp\/v2\/types\/product"}],"wp:featuredmedia":[{"embeddable":true,"href":"https:\/\/stampcurio.com\/hu\/wp-json\/wp\/v2\/media\/11503"}],"wp:attachment":[{"href":"https:\/\/stampcurio.com\/hu\/wp-json\/wp\/v2\/media?parent=4550"}],"wp:term":[{"taxonomy":"product_brand","embeddable":true,"href":"https:\/\/stampcurio.com\/hu\/wp-json\/wp\/v2\/product_brand?post=4550"},{"taxonomy":"product_cat","embeddable":true,"href":"https:\/\/stampcurio.com\/hu\/wp-json\/wp\/v2\/product_cat?post=4550"},{"taxonomy":"product_tag","embeddable":true,"href":"https:\/\/stampcurio.com\/hu\/wp-json\/wp\/v2\/product_tag?post=4550"}],"curies":[{"name":"wp","href":"https:\/\/api.w.org\/{rel}","templated":true}]}}