{"id":4545,"date":"2023-11-19T10:56:02","date_gmt":"2023-11-19T09:56:02","guid":{"rendered":"http:\/\/stampcurio.com\/?post_type=product&#038;p=4545"},"modified":"2025-12-05T04:12:14","modified_gmt":"2025-12-05T03:12:14","slug":"1947-takarekossag-postatiszta-vagott-sor-parokban-phu-80-000-ft","status":"publish","type":"product","link":"https:\/\/stampcurio.com\/hu\/termek\/1947-takarekossag-postatiszta-vagott-sor-parokban-phu-80-000-ft\/","title":{"rendered":"1947. TAKAR\u00c9KOSS\u00c1G &#8211; postatiszta ** v\u00e1gott sor p\u00e1rokban PHu 80 000 ft"},"content":{"rendered":"","protected":false},"excerpt":{"rendered":"","protected":false},"featured_media":11512,"template":"","meta":[],"product_brand":[],"product_cat":[73],"product_tag":[1044,116],"class_list":{"0":"post-4545","1":"product","2":"type-product","3":"status-publish","4":"has-post-thumbnail","6":"product_cat-magyarorszag-1st","7":"product_tag-1st-auction-hu","8":"product_tag-belyeg","9":"pa_catalog_id-536","11":"first","12":"instock","13":"sold-individually","14":"shipping-taxable","15":"product-type-simple"},"_links":{"self":[{"href":"https:\/\/stampcurio.com\/hu\/wp-json\/wp\/v2\/product\/4545","targetHints":{"allow":["GET"]}}],"collection":[{"href":"https:\/\/stampcurio.com\/hu\/wp-json\/wp\/v2\/product"}],"about":[{"href":"https:\/\/stampcurio.com\/hu\/wp-json\/wp\/v2\/types\/product"}],"wp:featuredmedia":[{"embeddable":true,"href":"https:\/\/stampcurio.com\/hu\/wp-json\/wp\/v2\/media\/11512"}],"wp:attachment":[{"href":"https:\/\/stampcurio.com\/hu\/wp-json\/wp\/v2\/media?parent=4545"}],"wp:term":[{"taxonomy":"product_brand","embeddable":true,"href":"https:\/\/stampcurio.com\/hu\/wp-json\/wp\/v2\/product_brand?post=4545"},{"taxonomy":"product_cat","embeddable":true,"href":"https:\/\/stampcurio.com\/hu\/wp-json\/wp\/v2\/product_cat?post=4545"},{"taxonomy":"product_tag","embeddable":true,"href":"https:\/\/stampcurio.com\/hu\/wp-json\/wp\/v2\/product_tag?post=4545"}],"curies":[{"name":"wp","href":"https:\/\/api.w.org\/{rel}","templated":true}]}}