{"id":4444,"date":"2023-11-19T10:50:47","date_gmt":"2023-11-19T09:50:47","guid":{"rendered":"http:\/\/stampcurio.com\/?post_type=product&#038;p=4444"},"modified":"2025-12-05T04:12:15","modified_gmt":"2025-12-05T03:12:15","slug":"1947-roosevelt-forditott-allasu-kisivsor-szep-postatiszta-phu-180-000-ft","status":"publish","type":"product","link":"https:\/\/stampcurio.com\/hu\/termek\/1947-roosevelt-forditott-allasu-kisivsor-szep-postatiszta-phu-180-000-ft\/","title":{"rendered":"1947 ROOSEVELT ford\u00edtott \u00e1ll\u00e1s\u00fa kis\u00edvsor sz\u00e9p postatiszta ** PHu: 180 000 ft"},"content":{"rendered":"","protected":false},"excerpt":{"rendered":"","protected":false},"featured_media":11531,"template":"","meta":[],"product_brand":[],"product_cat":[73],"product_tag":[1044,116,115],"class_list":{"0":"post-4444","1":"product","2":"type-product","3":"status-publish","4":"has-post-thumbnail","6":"product_cat-magyarorszag-1st","7":"product_tag-1st-auction-hu","8":"product_tag-belyeg","9":"product_tag-legiposta","10":"pa_catalog_id-535","12":"first","13":"instock","14":"sold-individually","15":"shipping-taxable","16":"product-type-simple"},"_links":{"self":[{"href":"https:\/\/stampcurio.com\/hu\/wp-json\/wp\/v2\/product\/4444","targetHints":{"allow":["GET"]}}],"collection":[{"href":"https:\/\/stampcurio.com\/hu\/wp-json\/wp\/v2\/product"}],"about":[{"href":"https:\/\/stampcurio.com\/hu\/wp-json\/wp\/v2\/types\/product"}],"wp:featuredmedia":[{"embeddable":true,"href":"https:\/\/stampcurio.com\/hu\/wp-json\/wp\/v2\/media\/11531"}],"wp:attachment":[{"href":"https:\/\/stampcurio.com\/hu\/wp-json\/wp\/v2\/media?parent=4444"}],"wp:term":[{"taxonomy":"product_brand","embeddable":true,"href":"https:\/\/stampcurio.com\/hu\/wp-json\/wp\/v2\/product_brand?post=4444"},{"taxonomy":"product_cat","embeddable":true,"href":"https:\/\/stampcurio.com\/hu\/wp-json\/wp\/v2\/product_cat?post=4444"},{"taxonomy":"product_tag","embeddable":true,"href":"https:\/\/stampcurio.com\/hu\/wp-json\/wp\/v2\/product_tag?post=4444"}],"curies":[{"name":"wp","href":"https:\/\/api.w.org\/{rel}","templated":true}]}}