{"id":4442,"date":"2023-11-19T00:09:34","date_gmt":"2023-11-18T23:09:34","guid":{"rendered":"http:\/\/stampcurio.com\/?post_type=product&#038;p=4442"},"modified":"2025-12-05T04:12:15","modified_gmt":"2025-12-05T03:12:15","slug":"1950-repulo-pecsetelt-160ft-ivszeles-jobb-oldalon-fogazatlan-par","status":"publish","type":"product","link":"https:\/\/stampcurio.com\/hu\/termek\/1950-repulo-pecsetelt-160ft-ivszeles-jobb-oldalon-fogazatlan-par\/","title":{"rendered":"1950  REP\u00dcL\u0150 pecs\u00e9telt 1,60ft \u00edvsz\u00e9les jobb oldalon fogazatlan p\u00e1r"},"content":{"rendered":"","protected":false},"excerpt":{"rendered":"","protected":false},"featured_media":11516,"template":"","meta":[],"product_brand":[],"product_cat":[73],"product_tag":[1044,116,115,217],"class_list":{"0":"post-4442","1":"product","2":"type-product","3":"status-publish","4":"has-post-thumbnail","6":"product_cat-magyarorszag-1st","7":"product_tag-1st-auction-hu","8":"product_tag-belyeg","9":"product_tag-legiposta","10":"product_tag-tevnyomat","11":"pa_catalog_id-534","13":"first","14":"instock","15":"sold-individually","16":"shipping-taxable","17":"product-type-simple"},"_links":{"self":[{"href":"https:\/\/stampcurio.com\/hu\/wp-json\/wp\/v2\/product\/4442","targetHints":{"allow":["GET"]}}],"collection":[{"href":"https:\/\/stampcurio.com\/hu\/wp-json\/wp\/v2\/product"}],"about":[{"href":"https:\/\/stampcurio.com\/hu\/wp-json\/wp\/v2\/types\/product"}],"wp:featuredmedia":[{"embeddable":true,"href":"https:\/\/stampcurio.com\/hu\/wp-json\/wp\/v2\/media\/11516"}],"wp:attachment":[{"href":"https:\/\/stampcurio.com\/hu\/wp-json\/wp\/v2\/media?parent=4442"}],"wp:term":[{"taxonomy":"product_brand","embeddable":true,"href":"https:\/\/stampcurio.com\/hu\/wp-json\/wp\/v2\/product_brand?post=4442"},{"taxonomy":"product_cat","embeddable":true,"href":"https:\/\/stampcurio.com\/hu\/wp-json\/wp\/v2\/product_cat?post=4442"},{"taxonomy":"product_tag","embeddable":true,"href":"https:\/\/stampcurio.com\/hu\/wp-json\/wp\/v2\/product_tag?post=4442"}],"curies":[{"name":"wp","href":"https:\/\/api.w.org\/{rel}","templated":true}]}}