{"id":4435,"date":"2023-11-19T00:02:22","date_gmt":"2023-11-18T23:02:22","guid":{"rendered":"http:\/\/stampcurio.com\/?post_type=product&#038;p=4435"},"modified":"2025-12-05T04:12:16","modified_gmt":"2025-12-05T03:12:16","slug":"1948-eotvos-lorand-postatiszta-vagott-negyestomb-a-legnagyobb-ismert-vagott-osszefugges-phu-160-000-ft","status":"publish","type":"product","link":"https:\/\/stampcurio.com\/hu\/termek\/1948-eotvos-lorand-postatiszta-vagott-negyestomb-a-legnagyobb-ismert-vagott-osszefugges-phu-160-000-ft\/","title":{"rendered":"1948 E\u00d6TV\u00d6S LOR\u00c1ND postatiszta ** v\u00e1gott n\u00e9gyest\u00f6mb, a legnagyobb ismert v\u00e1gott \u00f6sszef\u00fcgg\u00e9s PHu: 160.000 ft"},"content":{"rendered":"","protected":false},"excerpt":{"rendered":"<p>Az egyik b\u00e9lyegen kis gumi hi\u00e1ny &#8211; l\u00e1sd a k\u00e9pet.<\/p>\n","protected":false},"featured_media":11526,"template":"","meta":[],"product_brand":[],"product_cat":[73],"product_tag":[1044,116,176],"class_list":{"0":"post-4435","1":"product","2":"type-product","3":"status-publish","4":"has-post-thumbnail","6":"product_cat-magyarorszag-1st","7":"product_tag-1st-auction-hu","8":"product_tag-belyeg","9":"product_tag-philagem","10":"pa_catalog_id-532","12":"first","13":"instock","14":"sold-individually","15":"shipping-taxable","16":"product-type-simple"},"_links":{"self":[{"href":"https:\/\/stampcurio.com\/hu\/wp-json\/wp\/v2\/product\/4435","targetHints":{"allow":["GET"]}}],"collection":[{"href":"https:\/\/stampcurio.com\/hu\/wp-json\/wp\/v2\/product"}],"about":[{"href":"https:\/\/stampcurio.com\/hu\/wp-json\/wp\/v2\/types\/product"}],"wp:featuredmedia":[{"embeddable":true,"href":"https:\/\/stampcurio.com\/hu\/wp-json\/wp\/v2\/media\/11526"}],"wp:attachment":[{"href":"https:\/\/stampcurio.com\/hu\/wp-json\/wp\/v2\/media?parent=4435"}],"wp:term":[{"taxonomy":"product_brand","embeddable":true,"href":"https:\/\/stampcurio.com\/hu\/wp-json\/wp\/v2\/product_brand?post=4435"},{"taxonomy":"product_cat","embeddable":true,"href":"https:\/\/stampcurio.com\/hu\/wp-json\/wp\/v2\/product_cat?post=4435"},{"taxonomy":"product_tag","embeddable":true,"href":"https:\/\/stampcurio.com\/hu\/wp-json\/wp\/v2\/product_tag?post=4435"}],"curies":[{"name":"wp","href":"https:\/\/api.w.org\/{rel}","templated":true}]}}