{"id":4428,"date":"2023-11-18T23:46:58","date_gmt":"2023-11-18T22:46:58","guid":{"rendered":"http:\/\/stampcurio.com\/?post_type=product&#038;p=4428"},"modified":"2025-12-05T04:12:17","modified_gmt":"2025-12-05T03:12:17","slug":"1954-rovarok-60f-probanyomat-eltero-belyegkeppel-tampeldany","status":"publish","type":"product","link":"https:\/\/stampcurio.com\/hu\/termek\/1954-rovarok-60f-probanyomat-eltero-belyegkeppel-tampeldany\/","title":{"rendered":"1954 ROVAROK 60f pr\u00f3banyomat elt\u00e9r\u0151 b\u00e9lyegk\u00e9ppel + t\u00e1mp\u00e9ld\u00e1ny"},"content":{"rendered":"","protected":false},"excerpt":{"rendered":"","protected":false},"featured_media":11422,"template":"","meta":[],"product_brand":[],"product_cat":[73],"product_tag":[1044,116,115,390],"class_list":{"0":"post-4428","1":"product","2":"type-product","3":"status-publish","4":"has-post-thumbnail","6":"product_cat-magyarorszag-1st","7":"product_tag-1st-auction-hu","8":"product_tag-belyeg","9":"product_tag-legiposta","10":"product_tag-probanyomat","11":"pa_catalog_id-529","13":"first","14":"instock","15":"sold-individually","16":"shipping-taxable","17":"product-type-simple"},"_links":{"self":[{"href":"https:\/\/stampcurio.com\/hu\/wp-json\/wp\/v2\/product\/4428","targetHints":{"allow":["GET"]}}],"collection":[{"href":"https:\/\/stampcurio.com\/hu\/wp-json\/wp\/v2\/product"}],"about":[{"href":"https:\/\/stampcurio.com\/hu\/wp-json\/wp\/v2\/types\/product"}],"wp:featuredmedia":[{"embeddable":true,"href":"https:\/\/stampcurio.com\/hu\/wp-json\/wp\/v2\/media\/11422"}],"wp:attachment":[{"href":"https:\/\/stampcurio.com\/hu\/wp-json\/wp\/v2\/media?parent=4428"}],"wp:term":[{"taxonomy":"product_brand","embeddable":true,"href":"https:\/\/stampcurio.com\/hu\/wp-json\/wp\/v2\/product_brand?post=4428"},{"taxonomy":"product_cat","embeddable":true,"href":"https:\/\/stampcurio.com\/hu\/wp-json\/wp\/v2\/product_cat?post=4428"},{"taxonomy":"product_tag","embeddable":true,"href":"https:\/\/stampcurio.com\/hu\/wp-json\/wp\/v2\/product_tag?post=4428"}],"curies":[{"name":"wp","href":"https:\/\/api.w.org\/{rel}","templated":true}]}}