{"id":4424,"date":"2023-11-18T23:37:01","date_gmt":"2023-11-18T22:37:01","guid":{"rendered":"http:\/\/stampcurio.com\/?post_type=product&#038;p=4424"},"modified":"2025-12-05T04:12:18","modified_gmt":"2025-12-05T03:12:18","slug":"1951-majus-1-pecsetelt-1ft-ivszeles-alul-fogazatlan-par","status":"publish","type":"product","link":"https:\/\/stampcurio.com\/hu\/termek\/1951-majus-1-pecsetelt-1ft-ivszeles-alul-fogazatlan-par\/","title":{"rendered":"1951 M\u00c1JUS 1. pecs\u00e9telt 1ft \u00edvsz\u00e9les alul fogazatlan p\u00e1r"},"content":{"rendered":"","protected":false},"excerpt":{"rendered":"<p>A feketek\u00f6nyv csak a 60f fill\u00e9res \u00e9rt\u00e9ket ismeri fel\u00fcl \u00e9s bal oldalon fogazatlanul, azt 120 pontra \u00e9rt\u00e9keli.<\/p>\n","protected":false},"featured_media":11428,"template":"","meta":[],"product_brand":[],"product_cat":[73],"product_tag":[1044,116,217],"class_list":{"0":"post-4424","1":"product","2":"type-product","3":"status-publish","4":"has-post-thumbnail","6":"product_cat-magyarorszag-1st","7":"product_tag-1st-auction-hu","8":"product_tag-belyeg","9":"product_tag-tevnyomat","10":"pa_catalog_id-527","12":"first","13":"instock","14":"sold-individually","15":"shipping-taxable","16":"product-type-simple"},"_links":{"self":[{"href":"https:\/\/stampcurio.com\/hu\/wp-json\/wp\/v2\/product\/4424","targetHints":{"allow":["GET"]}}],"collection":[{"href":"https:\/\/stampcurio.com\/hu\/wp-json\/wp\/v2\/product"}],"about":[{"href":"https:\/\/stampcurio.com\/hu\/wp-json\/wp\/v2\/types\/product"}],"wp:featuredmedia":[{"embeddable":true,"href":"https:\/\/stampcurio.com\/hu\/wp-json\/wp\/v2\/media\/11428"}],"wp:attachment":[{"href":"https:\/\/stampcurio.com\/hu\/wp-json\/wp\/v2\/media?parent=4424"}],"wp:term":[{"taxonomy":"product_brand","embeddable":true,"href":"https:\/\/stampcurio.com\/hu\/wp-json\/wp\/v2\/product_brand?post=4424"},{"taxonomy":"product_cat","embeddable":true,"href":"https:\/\/stampcurio.com\/hu\/wp-json\/wp\/v2\/product_cat?post=4424"},{"taxonomy":"product_tag","embeddable":true,"href":"https:\/\/stampcurio.com\/hu\/wp-json\/wp\/v2\/product_tag?post=4424"}],"curies":[{"name":"wp","href":"https:\/\/api.w.org\/{rel}","templated":true}]}}