{"id":4420,"date":"2023-11-18T23:27:31","date_gmt":"2023-11-18T22:27:31","guid":{"rendered":"http:\/\/stampcurio.com\/?post_type=product&#038;p=4420"},"modified":"2025-12-05T04:12:19","modified_gmt":"2025-12-05T03:12:19","slug":"1949-alkotmany-postatiszta-ivkozepreszes-sor-xi-vizjelel-phu-7-000-ft","status":"publish","type":"product","link":"https:\/\/stampcurio.com\/hu\/termek\/1949-alkotmany-postatiszta-ivkozepreszes-sor-xi-vizjelel-phu-7-000-ft\/","title":{"rendered":"1949 Alkotm\u00e1ny postatiszta ** \u00edvk\u00f6z\u00e9pr\u00e9szes sor,  XI. v\u00edzjelel PHu 7.000 ft"},"content":{"rendered":"","protected":false},"excerpt":{"rendered":"","protected":false},"featured_media":11434,"template":"","meta":[],"product_brand":[],"product_cat":[73],"product_tag":[1044,116],"class_list":{"0":"post-4420","1":"product","2":"type-product","3":"status-publish","4":"has-post-thumbnail","6":"product_cat-magyarorszag-1st","7":"product_tag-1st-auction-hu","8":"product_tag-belyeg","9":"pa_catalog_id-525","11":"first","12":"instock","13":"sold-individually","14":"shipping-taxable","15":"product-type-simple"},"_links":{"self":[{"href":"https:\/\/stampcurio.com\/hu\/wp-json\/wp\/v2\/product\/4420","targetHints":{"allow":["GET"]}}],"collection":[{"href":"https:\/\/stampcurio.com\/hu\/wp-json\/wp\/v2\/product"}],"about":[{"href":"https:\/\/stampcurio.com\/hu\/wp-json\/wp\/v2\/types\/product"}],"wp:featuredmedia":[{"embeddable":true,"href":"https:\/\/stampcurio.com\/hu\/wp-json\/wp\/v2\/media\/11434"}],"wp:attachment":[{"href":"https:\/\/stampcurio.com\/hu\/wp-json\/wp\/v2\/media?parent=4420"}],"wp:term":[{"taxonomy":"product_brand","embeddable":true,"href":"https:\/\/stampcurio.com\/hu\/wp-json\/wp\/v2\/product_brand?post=4420"},{"taxonomy":"product_cat","embeddable":true,"href":"https:\/\/stampcurio.com\/hu\/wp-json\/wp\/v2\/product_cat?post=4420"},{"taxonomy":"product_tag","embeddable":true,"href":"https:\/\/stampcurio.com\/hu\/wp-json\/wp\/v2\/product_tag?post=4420"}],"curies":[{"name":"wp","href":"https:\/\/api.w.org\/{rel}","templated":true}]}}