{"id":4332,"date":"2023-11-18T22:36:46","date_gmt":"2023-11-18T21:36:46","guid":{"rendered":"http:\/\/stampcurio.com\/?post_type=product&#038;p=4332"},"modified":"2025-12-05T04:12:21","modified_gmt":"2025-12-05T03:12:21","slug":"1858-ausztria-15kr-i-tipus-piros-lebelyegzessel-az-i-tipus-piros-belyegzessel-ritka-ferchenbauer-160-eur","status":"publish","type":"product","link":"https:\/\/stampcurio.com\/hu\/termek\/1858-ausztria-15kr-i-tipus-piros-lebelyegzessel-az-i-tipus-piros-belyegzessel-ritka-ferchenbauer-160-eur\/","title":{"rendered":"1858 Ausztria 15kr I. tipus piros leb\u00e9lyegz\u00e9ssel &#8211; az I. tipus piros b\u00e9lyegz\u00e9ssel ritka &#8211; Ferchenbauer 160 EUR"},"content":{"rendered":"","protected":false},"excerpt":{"rendered":"","protected":false},"featured_media":11452,"template":"","meta":[],"product_brand":[],"product_cat":[60],"product_tag":[1044,116,67],"class_list":{"0":"post-4332","1":"product","2":"type-product","3":"status-publish","4":"has-post-thumbnail","6":"product_cat-ausztria-1st","7":"product_tag-1st-auction-hu","8":"product_tag-belyeg","9":"product_tag-marcofilatelia","10":"pa_catalog_id-517","12":"first","13":"instock","14":"sold-individually","15":"shipping-taxable","16":"product-type-simple"},"_links":{"self":[{"href":"https:\/\/stampcurio.com\/hu\/wp-json\/wp\/v2\/product\/4332","targetHints":{"allow":["GET"]}}],"collection":[{"href":"https:\/\/stampcurio.com\/hu\/wp-json\/wp\/v2\/product"}],"about":[{"href":"https:\/\/stampcurio.com\/hu\/wp-json\/wp\/v2\/types\/product"}],"wp:featuredmedia":[{"embeddable":true,"href":"https:\/\/stampcurio.com\/hu\/wp-json\/wp\/v2\/media\/11452"}],"wp:attachment":[{"href":"https:\/\/stampcurio.com\/hu\/wp-json\/wp\/v2\/media?parent=4332"}],"wp:term":[{"taxonomy":"product_brand","embeddable":true,"href":"https:\/\/stampcurio.com\/hu\/wp-json\/wp\/v2\/product_brand?post=4332"},{"taxonomy":"product_cat","embeddable":true,"href":"https:\/\/stampcurio.com\/hu\/wp-json\/wp\/v2\/product_cat?post=4332"},{"taxonomy":"product_tag","embeddable":true,"href":"https:\/\/stampcurio.com\/hu\/wp-json\/wp\/v2\/product_tag?post=4332"}],"curies":[{"name":"wp","href":"https:\/\/api.w.org\/{rel}","templated":true}]}}